{"id":12,"date":"2023-03-30T15:12:31","date_gmt":"2023-03-30T15:12:31","guid":{"rendered":"https:\/\/futurebrau.hakhtlfreistadt.at\/?page_id=12"},"modified":"2026-03-03T14:19:55","modified_gmt":"2026-03-03T14:19:55","slug":"home","status":"publish","type":"page","link":"https:\/\/futurebrau.hakhtlfreistadt.at\/","title":{"rendered":"Home"},"content":{"rendered":"\n<h2 class=\"wp-block-heading has-text-align-center has-x-large-font-size\" style=\"font-style:normal;font-weight:700\"><br><strong>Herzlich Willkommen<\/strong>!<\/h2>\n\n\n\n<p class=\"has-text-align-center\">Dies ist die Website der \u00dcbungsfirma Future Br\u00e4u.<br>Unsere \u00dcbungsfirma handelt mit Getr\u00e4nken, wie Bieren und Limonaden sowie sonstigen Artikeln.<br><br>Unsere Partnerfirma: Braucommune Freistadt<br><\/p>\n\n\n<div class=\"wp-block-image is-style-default\">\n<figure class=\"aligncenter size-full\"><img loading=\"lazy\" decoding=\"async\" width=\"902\" height=\"676\" src=\"https:\/\/futurebrau.hakhtlfreistadt.at\/wp-content\/uploads\/2026\/01\/TeamFoto-1.png\" alt=\"\" class=\"wp-image-34609\" srcset=\"https:\/\/futurebrau.hakhtlfreistadt.at\/wp-content\/uploads\/2026\/01\/TeamFoto-1.png 902w, https:\/\/futurebrau.hakhtlfreistadt.at\/wp-content\/uploads\/2026\/01\/TeamFoto-1-300x225.png 300w, https:\/\/futurebrau.hakhtlfreistadt.at\/wp-content\/uploads\/2026\/01\/TeamFoto-1-768x576.png 768w\" sizes=\"auto, (max-width: 902px) 100vw, 902px\" \/><\/figure><\/div>\n\n\n<p><\/p>\n\n\n\n<p class=\"has-text-align-center has-large-font-size\"><strong>Folgt uns auf <a data-type=\"link\" data-id=\"https:\/\/www.instagram.com\/_futurebraeu_\/\" href=\"https:\/\/www.instagram.com\/_futurebraeu_\/\">Instagram<\/a>!<\/strong><\/p>\n\n\n\n<p><\/p>\n","protected":false},"excerpt":{"rendered":"<p>Herzlich Willkommen! Dies ist die Website der \u00dcbungsfirma Future Br\u00e4u.Unsere \u00dcbungsfirma handelt mit Getr\u00e4nken, wie Bieren und Limonaden sowie sonstigen Artikeln. Unsere Partnerfirma: Braucommune Freistadt Folgt uns auf Instagram!<\/p>\n","protected":false},"author":2,"featured_media":34609,"parent":0,"menu_order":0,"comment_status":"closed","ping_status":"open","template":"","meta":{"footnotes":""},"class_list":["post-12","page","type-page","status-publish","has-post-thumbnail","hentry"],"yoast_head":"<!-- This site is optimized with the Yoast SEO plugin v26.5 - https:\/\/yoast.com\/wordpress\/plugins\/seo\/ -->\n<title>Home - Future Br\u00e4u<\/title>\n<meta name=\"description\" content=\"Herzlich Willkommen! Dies ist die Website der \u00dcbungsfirma Future Br\u00e4u.Unsere \u00dcbungsfirma handelt mit Getr\u00e4nken, wie Bieren und Limonaden sowie sonstigen Artikeln. Unsere Partnerfirma: Braucommune Freistadt Folgt uns auf Instagram!\" \/>\n<meta name=\"robots\" content=\"index, follow, max-snippet:-1, max-image-preview:large, max-video-preview:-1\" \/>\n<link rel=\"canonical\" href=\"https:\/\/futurebrau.hakhtlfreistadt.at\/\" \/>\n<meta property=\"og:locale\" content=\"de_DE\" \/>\n<meta property=\"og:type\" content=\"article\" \/>\n<meta property=\"og:title\" content=\"Home - Future Br\u00e4u\" \/>\n<meta property=\"og:description\" content=\"Herzlich Willkommen! Dies ist die Website der \u00dcbungsfirma Future Br\u00e4u.Unsere \u00dcbungsfirma handelt mit Getr\u00e4nken, wie Bieren und Limonaden sowie sonstigen Artikeln. Unsere Partnerfirma: Braucommune Freistadt Folgt uns auf Instagram!\" \/>\n<meta property=\"og:url\" content=\"https:\/\/futurebrau.hakhtlfreistadt.at\/\" \/>\n<meta property=\"og:site_name\" content=\"Future Br\u00e4u\" \/>\n<meta property=\"article:modified_time\" content=\"2026-03-03T14:19:55+00:00\" \/>\n<meta property=\"og:image\" content=\"http:\/\/futurebrau.hakhtlfreistadt.at\/wp-content\/uploads\/2026\/01\/TeamFoto-1.png\" \/>\n\t<meta property=\"og:image:width\" content=\"902\" \/>\n\t<meta property=\"og:image:height\" content=\"676\" \/>\n\t<meta property=\"og:image:type\" content=\"image\/png\" \/>\n<meta name=\"twitter:card\" content=\"summary_large_image\" \/>\n<meta name=\"twitter:label1\" content=\"Gesch\u00e4tzte Lesezeit\" \/>\n\t<meta name=\"twitter:data1\" content=\"1\u00a0Minute\" \/>\n<script type=\"application\/ld+json\" class=\"yoast-schema-graph\">{\"@context\":\"https:\/\/schema.org\",\"@graph\":[{\"@type\":\"WebPage\",\"@id\":\"https:\/\/futurebrau.hakhtlfreistadt.at\/\",\"url\":\"https:\/\/futurebrau.hakhtlfreistadt.at\/\",\"name\":\"Home - Future Br\u00e4u\",\"isPartOf\":{\"@id\":\"https:\/\/futurebrau.hakhtlfreistadt.at\/#website\"},\"primaryImageOfPage\":{\"@id\":\"https:\/\/futurebrau.hakhtlfreistadt.at\/#primaryimage\"},\"image\":{\"@id\":\"https:\/\/futurebrau.hakhtlfreistadt.at\/#primaryimage\"},\"thumbnailUrl\":\"https:\/\/futurebrau.hakhtlfreistadt.at\/wp-content\/uploads\/2026\/01\/TeamFoto-1.png\",\"datePublished\":\"2023-03-30T15:12:31+00:00\",\"dateModified\":\"2026-03-03T14:19:55+00:00\",\"breadcrumb\":{\"@id\":\"https:\/\/futurebrau.hakhtlfreistadt.at\/#breadcrumb\"},\"inLanguage\":\"de\",\"potentialAction\":[{\"@type\":\"ReadAction\",\"target\":[\"https:\/\/futurebrau.hakhtlfreistadt.at\/\"]}]},{\"@type\":\"ImageObject\",\"inLanguage\":\"de\",\"@id\":\"https:\/\/futurebrau.hakhtlfreistadt.at\/#primaryimage\",\"url\":\"https:\/\/futurebrau.hakhtlfreistadt.at\/wp-content\/uploads\/2026\/01\/TeamFoto-1.png\",\"contentUrl\":\"https:\/\/futurebrau.hakhtlfreistadt.at\/wp-content\/uploads\/2026\/01\/TeamFoto-1.png\",\"width\":902,\"height\":676},{\"@type\":\"BreadcrumbList\",\"@id\":\"https:\/\/futurebrau.hakhtlfreistadt.at\/#breadcrumb\",\"itemListElement\":[{\"@type\":\"ListItem\",\"position\":1,\"name\":\"Home\",\"item\":\"https:\/\/futurebrau.hakhtlfreistadt.at\/\"},{\"@type\":\"ListItem\",\"position\":2,\"name\":\"Home\"}]},{\"@type\":\"WebSite\",\"@id\":\"https:\/\/futurebrau.hakhtlfreistadt.at\/#website\",\"url\":\"https:\/\/futurebrau.hakhtlfreistadt.at\/\",\"name\":\"Future Br\u00e4u\",\"description\":\"\u00dcbungsfirma der HAK Freistadt\",\"publisher\":{\"@id\":\"https:\/\/futurebrau.hakhtlfreistadt.at\/#organization\"},\"potentialAction\":[{\"@type\":\"SearchAction\",\"target\":{\"@type\":\"EntryPoint\",\"urlTemplate\":\"https:\/\/futurebrau.hakhtlfreistadt.at\/?s={search_term_string}\"},\"query-input\":{\"@type\":\"PropertyValueSpecification\",\"valueRequired\":true,\"valueName\":\"search_term_string\"}}],\"inLanguage\":\"de\"},{\"@type\":\"Organization\",\"@id\":\"https:\/\/futurebrau.hakhtlfreistadt.at\/#organization\",\"name\":\"Future Br\u00e4u\",\"url\":\"https:\/\/futurebrau.hakhtlfreistadt.at\/\",\"logo\":{\"@type\":\"ImageObject\",\"inLanguage\":\"de\",\"@id\":\"https:\/\/futurebrau.hakhtlfreistadt.at\/#\/schema\/logo\/image\/\",\"url\":\"https:\/\/futurebrau.hakhtlfreistadt.at\/wp-content\/uploads\/2023\/03\/Logo_transparent.png\",\"contentUrl\":\"https:\/\/futurebrau.hakhtlfreistadt.at\/wp-content\/uploads\/2023\/03\/Logo_transparent.png\",\"width\":400,\"height\":249,\"caption\":\"Future Br\u00e4u\"},\"image\":{\"@id\":\"https:\/\/futurebrau.hakhtlfreistadt.at\/#\/schema\/logo\/image\/\"}}]}<\/script>\n<!-- \/ Yoast SEO plugin. -->","yoast_head_json":{"title":"Home - Future Br\u00e4u","description":"Herzlich Willkommen! Dies ist die Website der \u00dcbungsfirma Future Br\u00e4u.Unsere \u00dcbungsfirma handelt mit Getr\u00e4nken, wie Bieren und Limonaden sowie sonstigen Artikeln. Unsere Partnerfirma: Braucommune Freistadt Folgt uns auf Instagram!","robots":{"index":"index","follow":"follow","max-snippet":"max-snippet:-1","max-image-preview":"max-image-preview:large","max-video-preview":"max-video-preview:-1"},"canonical":"https:\/\/futurebrau.hakhtlfreistadt.at\/","og_locale":"de_DE","og_type":"article","og_title":"Home - Future Br\u00e4u","og_description":"Herzlich Willkommen! Dies ist die Website der \u00dcbungsfirma Future Br\u00e4u.Unsere \u00dcbungsfirma handelt mit Getr\u00e4nken, wie Bieren und Limonaden sowie sonstigen Artikeln. Unsere Partnerfirma: Braucommune Freistadt Folgt uns auf Instagram!","og_url":"https:\/\/futurebrau.hakhtlfreistadt.at\/","og_site_name":"Future Br\u00e4u","article_modified_time":"2026-03-03T14:19:55+00:00","og_image":[{"width":902,"height":676,"url":"http:\/\/futurebrau.hakhtlfreistadt.at\/wp-content\/uploads\/2026\/01\/TeamFoto-1.png","type":"image\/png"}],"twitter_card":"summary_large_image","twitter_misc":{"Gesch\u00e4tzte Lesezeit":"1\u00a0Minute"},"schema":{"@context":"https:\/\/schema.org","@graph":[{"@type":"WebPage","@id":"https:\/\/futurebrau.hakhtlfreistadt.at\/","url":"https:\/\/futurebrau.hakhtlfreistadt.at\/","name":"Home - Future Br\u00e4u","isPartOf":{"@id":"https:\/\/futurebrau.hakhtlfreistadt.at\/#website"},"primaryImageOfPage":{"@id":"https:\/\/futurebrau.hakhtlfreistadt.at\/#primaryimage"},"image":{"@id":"https:\/\/futurebrau.hakhtlfreistadt.at\/#primaryimage"},"thumbnailUrl":"https:\/\/futurebrau.hakhtlfreistadt.at\/wp-content\/uploads\/2026\/01\/TeamFoto-1.png","datePublished":"2023-03-30T15:12:31+00:00","dateModified":"2026-03-03T14:19:55+00:00","breadcrumb":{"@id":"https:\/\/futurebrau.hakhtlfreistadt.at\/#breadcrumb"},"inLanguage":"de","potentialAction":[{"@type":"ReadAction","target":["https:\/\/futurebrau.hakhtlfreistadt.at\/"]}]},{"@type":"ImageObject","inLanguage":"de","@id":"https:\/\/futurebrau.hakhtlfreistadt.at\/#primaryimage","url":"https:\/\/futurebrau.hakhtlfreistadt.at\/wp-content\/uploads\/2026\/01\/TeamFoto-1.png","contentUrl":"https:\/\/futurebrau.hakhtlfreistadt.at\/wp-content\/uploads\/2026\/01\/TeamFoto-1.png","width":902,"height":676},{"@type":"BreadcrumbList","@id":"https:\/\/futurebrau.hakhtlfreistadt.at\/#breadcrumb","itemListElement":[{"@type":"ListItem","position":1,"name":"Home","item":"https:\/\/futurebrau.hakhtlfreistadt.at\/"},{"@type":"ListItem","position":2,"name":"Home"}]},{"@type":"WebSite","@id":"https:\/\/futurebrau.hakhtlfreistadt.at\/#website","url":"https:\/\/futurebrau.hakhtlfreistadt.at\/","name":"Future Br\u00e4u","description":"\u00dcbungsfirma der HAK Freistadt","publisher":{"@id":"https:\/\/futurebrau.hakhtlfreistadt.at\/#organization"},"potentialAction":[{"@type":"SearchAction","target":{"@type":"EntryPoint","urlTemplate":"https:\/\/futurebrau.hakhtlfreistadt.at\/?s={search_term_string}"},"query-input":{"@type":"PropertyValueSpecification","valueRequired":true,"valueName":"search_term_string"}}],"inLanguage":"de"},{"@type":"Organization","@id":"https:\/\/futurebrau.hakhtlfreistadt.at\/#organization","name":"Future Br\u00e4u","url":"https:\/\/futurebrau.hakhtlfreistadt.at\/","logo":{"@type":"ImageObject","inLanguage":"de","@id":"https:\/\/futurebrau.hakhtlfreistadt.at\/#\/schema\/logo\/image\/","url":"https:\/\/futurebrau.hakhtlfreistadt.at\/wp-content\/uploads\/2023\/03\/Logo_transparent.png","contentUrl":"https:\/\/futurebrau.hakhtlfreistadt.at\/wp-content\/uploads\/2023\/03\/Logo_transparent.png","width":400,"height":249,"caption":"Future Br\u00e4u"},"image":{"@id":"https:\/\/futurebrau.hakhtlfreistadt.at\/#\/schema\/logo\/image\/"}}]}},"_links":{"self":[{"href":"https:\/\/futurebrau.hakhtlfreistadt.at\/index.php?rest_route=\/wp\/v2\/pages\/12","targetHints":{"allow":["GET"]}}],"collection":[{"href":"https:\/\/futurebrau.hakhtlfreistadt.at\/index.php?rest_route=\/wp\/v2\/pages"}],"about":[{"href":"https:\/\/futurebrau.hakhtlfreistadt.at\/index.php?rest_route=\/wp\/v2\/types\/page"}],"author":[{"embeddable":true,"href":"https:\/\/futurebrau.hakhtlfreistadt.at\/index.php?rest_route=\/wp\/v2\/users\/2"}],"replies":[{"embeddable":true,"href":"https:\/\/futurebrau.hakhtlfreistadt.at\/index.php?rest_route=%2Fwp%2Fv2%2Fcomments&post=12"}],"version-history":[{"count":15,"href":"https:\/\/futurebrau.hakhtlfreistadt.at\/index.php?rest_route=\/wp\/v2\/pages\/12\/revisions"}],"predecessor-version":[{"id":34624,"href":"https:\/\/futurebrau.hakhtlfreistadt.at\/index.php?rest_route=\/wp\/v2\/pages\/12\/revisions\/34624"}],"wp:featuredmedia":[{"embeddable":true,"href":"https:\/\/futurebrau.hakhtlfreistadt.at\/index.php?rest_route=\/wp\/v2\/media\/34609"}],"wp:attachment":[{"href":"https:\/\/futurebrau.hakhtlfreistadt.at\/index.php?rest_route=%2Fwp%2Fv2%2Fmedia&parent=12"}],"curies":[{"name":"wp","href":"https:\/\/api.w.org\/{rel}","templated":true}]}}