{"id":43,"date":"2023-03-16T14:05:55","date_gmt":"2023-03-16T14:05:55","guid":{"rendered":"https:\/\/futurebrau.hakhtlfreistadt.at\/?page_id=43"},"modified":"2026-03-03T14:18:38","modified_gmt":"2026-03-03T14:18:38","slug":"impresum","status":"publish","type":"page","link":"https:\/\/futurebrau.hakhtlfreistadt.at\/?page_id=43","title":{"rendered":"Impressum"},"content":{"rendered":"\n<p><strong>Future Br\u00e4u<\/strong><br>Freist\u00e4dter Getr\u00e4nkehandel GmbH<strong><br><\/strong>\u00dcbungsfirma der HAK Freistadt | Brauhausstra\u00dfe 10 | 4240 Freistadt<br><br><strong>Telefon<br><\/strong>Tel: 07942 72 444-21<br><\/p>\n\n\n\n<p><strong>E-Mail<br><\/strong>futurebrau1960@uebungsfirmen.at<\/p>\n\n\n\n<p><strong>Social Media<\/strong><\/p>\n\n\n\n<p>Instagram: <a data-type=\"link\" data-id=\"https:\/\/www.instagram.com\/_futurebraeu_\/\" href=\"https:\/\/www.instagram.com\/_futurebraeu_\/\">@_futurebraeu_<\/a><\/p>\n\n\n\n<p><strong>Unternehmensgegenstand:<\/strong><\/p>\n\n\n\n<p>\u00dcbungsfirma<\/p>\n\n\n\n<ul class=\"wp-block-list\">\n<li>Handel mit alkoholischen und antialkoholischen Getr\u00e4nken<\/li>\n\n\n\n<li>Handel mit Fanartikeln der Brauerei Freistadt, K\u00fchlschr\u00e4nken, Getr\u00e4nkeautomaten<\/li>\n<\/ul>\n\n\n\n<figure class=\"wp-block-table\"><table style=\"border-top-color:var(--wp--preset--color--ast-global-color-5);border-top-style:solid;border-right-color:var(--wp--preset--color--ast-global-color-5);border-right-style:solid;border-bottom-color:var(--wp--preset--color--ast-global-color-5);border-bottom-style:solid;border-left-color:var(--wp--preset--color--ast-global-color-5);border-left-style:solid\"><tbody><tr><td class=\"has-text-align-left\" data-align=\"left\"><strong>ACT Bank<\/strong><\/td><td>AT809900000100014120<br>ACTBATW0<\/td><\/tr><tr><td class=\"has-text-align-left\" data-align=\"left\"><strong>UID- Nr.&nbsp;<\/strong><\/td><td>ATU40196097<\/td><\/tr><tr><td class=\"has-text-align-left\" data-align=\"left\"><strong>Firmenbuch Nr.<\/strong><\/td><td>1960<\/td><\/tr><tr><td class=\"has-text-align-left\" data-align=\"left\"><strong>ACT BANK IBAN<\/strong><\/td><td>AT180 9900 0001 0001 4120<\/td><\/tr><tr><td class=\"has-text-align-left\" data-align=\"left\"><strong>BIC<\/strong><\/td><td>ACTBATW0<\/td><\/tr><tr><td class=\"has-text-align-left\" data-align=\"left\"><strong>Firmenbuchgericht<\/strong><\/td><td>Act Gericht <\/td><\/tr><\/tbody><\/table><figcaption class=\"wp-element-caption\"><br>Bei Nichteinhaltung der Zahlungsfristen werden Verzugszinsen und Mahngeb\u00fchren verrechnet.<br>S\u00e4mtliche von uns gelieferten Waren bleiben bis zur vollst\u00e4ndigen Bezahlung unser Eigentum.<\/figcaption><\/figure>\n\n\n\n<p>Angabe zur Online-Streitbeilegung: Verbraucher haben die M\u00f6glichkeit, Beschwerden an die Online-Streitungsplattform der EU zu richten: https:\/\/ec.europa.eu\/odr<\/p>\n\n\n\n<p><\/p>\n","protected":false},"excerpt":{"rendered":"<p>Future Br\u00e4uFreist\u00e4dter Getr\u00e4nkehandel GmbH\u00dcbungsfirma der HAK Freistadt | Brauhausstra\u00dfe 10 | 4240 Freistadt TelefonTel: 07942 72 444-21 E-Mailfuturebrau1960@uebungsfirmen.at Social Media Instagram: @_futurebraeu_ Unternehmensgegenstand: \u00dcbungsfirma ACT Bank AT809900000100014120ACTBATW0 UID- Nr.&nbsp; ATU40196097 Firmenbuch Nr. 1960 ACT BANK IBAN AT180 9900 0001 0001 4120 BIC ACTBATW0 Firmenbuchgericht Act Gericht Bei Nichteinhaltung der Zahlungsfristen werden Verzugszinsen und Mahngeb\u00fchren verrechnet.S\u00e4mtliche &hellip; <\/p>\n","protected":false},"author":1,"featured_media":0,"parent":0,"menu_order":0,"comment_status":"closed","ping_status":"open","template":"","meta":{"footnotes":""},"class_list":["post-43","page","type-page","status-publish","hentry"],"yoast_head":"<!-- This site is optimized with the Yoast SEO plugin v26.5 - https:\/\/yoast.com\/wordpress\/plugins\/seo\/ -->\n<title>Impressum - Future Br\u00e4u<\/title>\n<meta name=\"description\" content=\"Future Br\u00e4uFreist\u00e4dter Getr\u00e4nkehandel GmbH\u00dcbungsfirma der HAK Freistadt | Brauhausstra\u00dfe 10 | 4240 Freistadt TelefonTel: 07942 72 444-21 E-Mailfuturebrau1960@uebungsfirmen.at Social Media Instagram: @_futurebraeu_ Unternehmensgegenstand: \u00dcbungsfirma ACT Bank AT809900000100014120ACTBATW0 UID- Nr.&nbsp; ATU40196097 Firmenbuch Nr. 1960 ACT BANK IBAN AT180 9900 0001 0001 4120 BIC ACTBATW0 Firmenbuchgericht Act Gericht Bei Nichteinhaltung der Zahlungsfristen werden Verzugszinsen und Mahngeb\u00fchren verrechnet.S\u00e4mtliche &hellip;\" \/>\n<meta name=\"robots\" content=\"index, follow, max-snippet:-1, max-image-preview:large, max-video-preview:-1\" \/>\n<link rel=\"canonical\" href=\"https:\/\/futurebrau.hakhtlfreistadt.at\/?page_id=43\" \/>\n<meta property=\"og:locale\" content=\"de_DE\" \/>\n<meta property=\"og:type\" content=\"article\" \/>\n<meta property=\"og:title\" content=\"Impressum - Future Br\u00e4u\" \/>\n<meta property=\"og:description\" content=\"Future Br\u00e4uFreist\u00e4dter Getr\u00e4nkehandel GmbH\u00dcbungsfirma der HAK Freistadt | Brauhausstra\u00dfe 10 | 4240 Freistadt TelefonTel: 07942 72 444-21 E-Mailfuturebrau1960@uebungsfirmen.at Social Media Instagram: @_futurebraeu_ Unternehmensgegenstand: \u00dcbungsfirma ACT Bank AT809900000100014120ACTBATW0 UID- Nr.&nbsp; ATU40196097 Firmenbuch Nr. 1960 ACT BANK IBAN AT180 9900 0001 0001 4120 BIC ACTBATW0 Firmenbuchgericht Act Gericht Bei Nichteinhaltung der Zahlungsfristen werden Verzugszinsen und Mahngeb\u00fchren verrechnet.S\u00e4mtliche &hellip;\" \/>\n<meta property=\"og:url\" content=\"https:\/\/futurebrau.hakhtlfreistadt.at\/?page_id=43\" \/>\n<meta property=\"og:site_name\" content=\"Future Br\u00e4u\" \/>\n<meta property=\"article:modified_time\" content=\"2026-03-03T14:18:38+00:00\" \/>\n<meta name=\"twitter:card\" content=\"summary_large_image\" \/>\n<meta name=\"twitter:label1\" content=\"Gesch\u00e4tzte Lesezeit\" \/>\n\t<meta name=\"twitter:data1\" content=\"1\u00a0Minute\" \/>\n<script type=\"application\/ld+json\" class=\"yoast-schema-graph\">{\"@context\":\"https:\/\/schema.org\",\"@graph\":[{\"@type\":\"WebPage\",\"@id\":\"https:\/\/futurebrau.hakhtlfreistadt.at\/?page_id=43\",\"url\":\"https:\/\/futurebrau.hakhtlfreistadt.at\/?page_id=43\",\"name\":\"Impressum - Future Br\u00e4u\",\"isPartOf\":{\"@id\":\"https:\/\/futurebrau.hakhtlfreistadt.at\/#website\"},\"datePublished\":\"2023-03-16T14:05:55+00:00\",\"dateModified\":\"2026-03-03T14:18:38+00:00\",\"breadcrumb\":{\"@id\":\"https:\/\/futurebrau.hakhtlfreistadt.at\/?page_id=43#breadcrumb\"},\"inLanguage\":\"de\",\"potentialAction\":[{\"@type\":\"ReadAction\",\"target\":[\"https:\/\/futurebrau.hakhtlfreistadt.at\/?page_id=43\"]}]},{\"@type\":\"BreadcrumbList\",\"@id\":\"https:\/\/futurebrau.hakhtlfreistadt.at\/?page_id=43#breadcrumb\",\"itemListElement\":[{\"@type\":\"ListItem\",\"position\":1,\"name\":\"Home\",\"item\":\"https:\/\/futurebrau.hakhtlfreistadt.at\/\"},{\"@type\":\"ListItem\",\"position\":2,\"name\":\"Impressum\"}]},{\"@type\":\"WebSite\",\"@id\":\"https:\/\/futurebrau.hakhtlfreistadt.at\/#website\",\"url\":\"https:\/\/futurebrau.hakhtlfreistadt.at\/\",\"name\":\"Future Br\u00e4u\",\"description\":\"\u00dcbungsfirma der HAK Freistadt\",\"publisher\":{\"@id\":\"https:\/\/futurebrau.hakhtlfreistadt.at\/#organization\"},\"potentialAction\":[{\"@type\":\"SearchAction\",\"target\":{\"@type\":\"EntryPoint\",\"urlTemplate\":\"https:\/\/futurebrau.hakhtlfreistadt.at\/?s={search_term_string}\"},\"query-input\":{\"@type\":\"PropertyValueSpecification\",\"valueRequired\":true,\"valueName\":\"search_term_string\"}}],\"inLanguage\":\"de\"},{\"@type\":\"Organization\",\"@id\":\"https:\/\/futurebrau.hakhtlfreistadt.at\/#organization\",\"name\":\"Future Br\u00e4u\",\"url\":\"https:\/\/futurebrau.hakhtlfreistadt.at\/\",\"logo\":{\"@type\":\"ImageObject\",\"inLanguage\":\"de\",\"@id\":\"https:\/\/futurebrau.hakhtlfreistadt.at\/#\/schema\/logo\/image\/\",\"url\":\"https:\/\/futurebrau.hakhtlfreistadt.at\/wp-content\/uploads\/2023\/03\/Logo_transparent.png\",\"contentUrl\":\"https:\/\/futurebrau.hakhtlfreistadt.at\/wp-content\/uploads\/2023\/03\/Logo_transparent.png\",\"width\":400,\"height\":249,\"caption\":\"Future Br\u00e4u\"},\"image\":{\"@id\":\"https:\/\/futurebrau.hakhtlfreistadt.at\/#\/schema\/logo\/image\/\"}}]}<\/script>\n<!-- \/ Yoast SEO plugin. -->","yoast_head_json":{"title":"Impressum - Future Br\u00e4u","description":"Future Br\u00e4uFreist\u00e4dter Getr\u00e4nkehandel GmbH\u00dcbungsfirma der HAK Freistadt | Brauhausstra\u00dfe 10 | 4240 Freistadt TelefonTel: 07942 72 444-21 E-Mailfuturebrau1960@uebungsfirmen.at Social Media Instagram: @_futurebraeu_ Unternehmensgegenstand: \u00dcbungsfirma ACT Bank AT809900000100014120ACTBATW0 UID- Nr.&nbsp; ATU40196097 Firmenbuch Nr. 1960 ACT BANK IBAN AT180 9900 0001 0001 4120 BIC ACTBATW0 Firmenbuchgericht Act Gericht Bei Nichteinhaltung der Zahlungsfristen werden Verzugszinsen und Mahngeb\u00fchren verrechnet.S\u00e4mtliche &hellip;","robots":{"index":"index","follow":"follow","max-snippet":"max-snippet:-1","max-image-preview":"max-image-preview:large","max-video-preview":"max-video-preview:-1"},"canonical":"https:\/\/futurebrau.hakhtlfreistadt.at\/?page_id=43","og_locale":"de_DE","og_type":"article","og_title":"Impressum - Future Br\u00e4u","og_description":"Future Br\u00e4uFreist\u00e4dter Getr\u00e4nkehandel GmbH\u00dcbungsfirma der HAK Freistadt | Brauhausstra\u00dfe 10 | 4240 Freistadt TelefonTel: 07942 72 444-21 E-Mailfuturebrau1960@uebungsfirmen.at Social Media Instagram: @_futurebraeu_ Unternehmensgegenstand: \u00dcbungsfirma ACT Bank AT809900000100014120ACTBATW0 UID- Nr.&nbsp; ATU40196097 Firmenbuch Nr. 1960 ACT BANK IBAN AT180 9900 0001 0001 4120 BIC ACTBATW0 Firmenbuchgericht Act Gericht Bei Nichteinhaltung der Zahlungsfristen werden Verzugszinsen und Mahngeb\u00fchren verrechnet.S\u00e4mtliche &hellip;","og_url":"https:\/\/futurebrau.hakhtlfreistadt.at\/?page_id=43","og_site_name":"Future Br\u00e4u","article_modified_time":"2026-03-03T14:18:38+00:00","twitter_card":"summary_large_image","twitter_misc":{"Gesch\u00e4tzte Lesezeit":"1\u00a0Minute"},"schema":{"@context":"https:\/\/schema.org","@graph":[{"@type":"WebPage","@id":"https:\/\/futurebrau.hakhtlfreistadt.at\/?page_id=43","url":"https:\/\/futurebrau.hakhtlfreistadt.at\/?page_id=43","name":"Impressum - Future Br\u00e4u","isPartOf":{"@id":"https:\/\/futurebrau.hakhtlfreistadt.at\/#website"},"datePublished":"2023-03-16T14:05:55+00:00","dateModified":"2026-03-03T14:18:38+00:00","breadcrumb":{"@id":"https:\/\/futurebrau.hakhtlfreistadt.at\/?page_id=43#breadcrumb"},"inLanguage":"de","potentialAction":[{"@type":"ReadAction","target":["https:\/\/futurebrau.hakhtlfreistadt.at\/?page_id=43"]}]},{"@type":"BreadcrumbList","@id":"https:\/\/futurebrau.hakhtlfreistadt.at\/?page_id=43#breadcrumb","itemListElement":[{"@type":"ListItem","position":1,"name":"Home","item":"https:\/\/futurebrau.hakhtlfreistadt.at\/"},{"@type":"ListItem","position":2,"name":"Impressum"}]},{"@type":"WebSite","@id":"https:\/\/futurebrau.hakhtlfreistadt.at\/#website","url":"https:\/\/futurebrau.hakhtlfreistadt.at\/","name":"Future Br\u00e4u","description":"\u00dcbungsfirma der HAK Freistadt","publisher":{"@id":"https:\/\/futurebrau.hakhtlfreistadt.at\/#organization"},"potentialAction":[{"@type":"SearchAction","target":{"@type":"EntryPoint","urlTemplate":"https:\/\/futurebrau.hakhtlfreistadt.at\/?s={search_term_string}"},"query-input":{"@type":"PropertyValueSpecification","valueRequired":true,"valueName":"search_term_string"}}],"inLanguage":"de"},{"@type":"Organization","@id":"https:\/\/futurebrau.hakhtlfreistadt.at\/#organization","name":"Future Br\u00e4u","url":"https:\/\/futurebrau.hakhtlfreistadt.at\/","logo":{"@type":"ImageObject","inLanguage":"de","@id":"https:\/\/futurebrau.hakhtlfreistadt.at\/#\/schema\/logo\/image\/","url":"https:\/\/futurebrau.hakhtlfreistadt.at\/wp-content\/uploads\/2023\/03\/Logo_transparent.png","contentUrl":"https:\/\/futurebrau.hakhtlfreistadt.at\/wp-content\/uploads\/2023\/03\/Logo_transparent.png","width":400,"height":249,"caption":"Future Br\u00e4u"},"image":{"@id":"https:\/\/futurebrau.hakhtlfreistadt.at\/#\/schema\/logo\/image\/"}}]}},"_links":{"self":[{"href":"https:\/\/futurebrau.hakhtlfreistadt.at\/index.php?rest_route=\/wp\/v2\/pages\/43","targetHints":{"allow":["GET"]}}],"collection":[{"href":"https:\/\/futurebrau.hakhtlfreistadt.at\/index.php?rest_route=\/wp\/v2\/pages"}],"about":[{"href":"https:\/\/futurebrau.hakhtlfreistadt.at\/index.php?rest_route=\/wp\/v2\/types\/page"}],"author":[{"embeddable":true,"href":"https:\/\/futurebrau.hakhtlfreistadt.at\/index.php?rest_route=\/wp\/v2\/users\/1"}],"replies":[{"embeddable":true,"href":"https:\/\/futurebrau.hakhtlfreistadt.at\/index.php?rest_route=%2Fwp%2Fv2%2Fcomments&post=43"}],"version-history":[{"count":28,"href":"https:\/\/futurebrau.hakhtlfreistadt.at\/index.php?rest_route=\/wp\/v2\/pages\/43\/revisions"}],"predecessor-version":[{"id":34622,"href":"https:\/\/futurebrau.hakhtlfreistadt.at\/index.php?rest_route=\/wp\/v2\/pages\/43\/revisions\/34622"}],"wp:attachment":[{"href":"https:\/\/futurebrau.hakhtlfreistadt.at\/index.php?rest_route=%2Fwp%2Fv2%2Fmedia&parent=43"}],"curies":[{"name":"wp","href":"https:\/\/api.w.org\/{rel}","templated":true}]}}