{"id":529,"date":"2024-03-05T13:18:17","date_gmt":"2024-03-05T13:18:17","guid":{"rendered":"https:\/\/futurebrau.hakhtlfreistadt.at\/?page_id=529"},"modified":"2025-02-10T14:12:26","modified_gmt":"2025-02-10T14:12:26","slug":"agb","status":"publish","type":"page","link":"https:\/\/futurebrau.hakhtlfreistadt.at\/?page_id=529","title":{"rendered":"AGB"},"content":{"rendered":"\n<p><strong>Preise<\/strong><\/p>\n\n\n\n<p>Unsere Katalogpreise sind fix und verstehen sich inkl. 20 % USt.<\/p>\n\n\n\n<p><strong>\u00d6ffnungszeiten<\/strong><\/p>\n\n\n\n<p>Dienstag: 13:45 &#8211; 16:10<\/p>\n\n\n\n<p><strong>Lieferbedingungen<\/strong><\/p>\n\n\n\n<p>Die Lieferfrist beginnt mit dem Eintreffen der Bestellung. Die Lieferung erfolgt frei Haus.<\/p>\n\n\n\n<p><strong>Zahlungsbedingungen<\/strong><\/p>\n\n\n\n<p class=\"has-text-align-left\">3% Skonto bei Zahlung innerhalb von 14 Tagen oder 30 Tage netto Kassa.<\/p>\n\n\n\n<p><strong>M\u00e4ngelr\u00fcgen<\/strong><\/p>\n\n\n\n<p>R\u00fccksendungen von besch\u00e4digter, falsch gelieferter oder irrt\u00fcmlich bestellter Ware und Reklamationen k\u00f6nnen innerhalb von 14 Tagen mit Rechnungskopie erfolgen.<\/p>\n\n\n\n<figure class=\"wp-block-table\"><table style=\"border-top-color:var(--wp--preset--color--ast-global-color-5);border-top-style:solid;border-right-color:var(--wp--preset--color--ast-global-color-5);border-right-style:solid;border-bottom-color:var(--wp--preset--color--ast-global-color-5);border-bottom-style:solid;border-left-color:var(--wp--preset--color--ast-global-color-5);border-left-style:solid\"><tbody><tr><td class=\"has-text-align-left\" data-align=\"left\"><strong>ACT Bank<\/strong><\/td><td>AT809900000100014120<br>ACTBATW0<\/td><\/tr><tr><td class=\"has-text-align-left\" data-align=\"left\"><strong>UID- Nr.&nbsp;<\/strong><\/td><td>ATU40196097<\/td><\/tr><tr><td class=\"has-text-align-left\" data-align=\"left\"><strong>Firmenbuch Nr.<\/strong><\/td><td>1960<\/td><\/tr><tr><td class=\"has-text-align-left\" data-align=\"left\"><strong>ACT BANK IBAN<\/strong><\/td><td>AT180 9900 0001 0001 4120<\/td><\/tr><tr><td class=\"has-text-align-left\" data-align=\"left\"><strong>BIC<\/strong><\/td><td>ACTBATW0<\/td><\/tr><tr><td class=\"has-text-align-left\" data-align=\"left\"><strong>Firmenbuchgericht<\/strong><\/td><td>Act Gericht <\/td><\/tr><\/tbody><\/table><figcaption class=\"wp-element-caption\"><br>Bei Nichteinhaltung der Zahlungsfristen werden Verzugszinsen und Mahngeb\u00fchren verrechnet.<br>S\u00e4mtliche von uns gelieferten Waren bleiben bis zur vollst\u00e4ndigen Bezahlung unser Eigentum.<\/figcaption><\/figure>\n\n\n\n<p>Angabe zur Online-Streitbeilegung: Verbraucher haben die M\u00f6glichkeit, Beschwerden an die Online-Streitungsplattform der EU zu richten: https:\/\/ec.europa.eu\/odr<\/p>\n\n\n\n<p><\/p>\n","protected":false},"excerpt":{"rendered":"<p>Preise Unsere Katalogpreise sind fix und verstehen sich inkl. 20 % USt. \u00d6ffnungszeiten Dienstag: 13:45 &#8211; 16:10 Lieferbedingungen Die Lieferfrist beginnt mit dem Eintreffen der Bestellung. Die Lieferung erfolgt frei Haus. Zahlungsbedingungen 3% Skonto bei Zahlung innerhalb von 14 Tagen oder 30 Tage netto Kassa. M\u00e4ngelr\u00fcgen R\u00fccksendungen von besch\u00e4digter, falsch gelieferter oder irrt\u00fcmlich bestellter Ware &hellip; <\/p>\n","protected":false},"author":2,"featured_media":0,"parent":0,"menu_order":0,"comment_status":"closed","ping_status":"closed","template":"","meta":{"footnotes":""},"class_list":["post-529","page","type-page","status-publish","hentry"],"yoast_head":"<!-- This site is optimized with the Yoast SEO plugin v26.5 - https:\/\/yoast.com\/wordpress\/plugins\/seo\/ -->\n<title>AGB - Future Br\u00e4u<\/title>\n<meta name=\"description\" content=\"Preise Unsere Katalogpreise sind fix und verstehen sich inkl. 20 % USt. \u00d6ffnungszeiten Dienstag: 13:45 &#8211; 16:10 Lieferbedingungen Die Lieferfrist beginnt mit dem Eintreffen der Bestellung. Die Lieferung erfolgt frei Haus. Zahlungsbedingungen 3% Skonto bei Zahlung innerhalb von 14 Tagen oder 30 Tage netto Kassa. M\u00e4ngelr\u00fcgen R\u00fccksendungen von besch\u00e4digter, falsch gelieferter oder irrt\u00fcmlich bestellter Ware &hellip;\" \/>\n<meta name=\"robots\" content=\"index, follow, max-snippet:-1, max-image-preview:large, max-video-preview:-1\" \/>\n<link rel=\"canonical\" href=\"https:\/\/futurebrau.hakhtlfreistadt.at\/?page_id=529\" \/>\n<meta property=\"og:locale\" content=\"de_DE\" \/>\n<meta property=\"og:type\" content=\"article\" \/>\n<meta property=\"og:title\" content=\"AGB - Future Br\u00e4u\" \/>\n<meta property=\"og:description\" content=\"Preise Unsere Katalogpreise sind fix und verstehen sich inkl. 20 % USt. \u00d6ffnungszeiten Dienstag: 13:45 &#8211; 16:10 Lieferbedingungen Die Lieferfrist beginnt mit dem Eintreffen der Bestellung. Die Lieferung erfolgt frei Haus. Zahlungsbedingungen 3% Skonto bei Zahlung innerhalb von 14 Tagen oder 30 Tage netto Kassa. M\u00e4ngelr\u00fcgen R\u00fccksendungen von besch\u00e4digter, falsch gelieferter oder irrt\u00fcmlich bestellter Ware &hellip;\" \/>\n<meta property=\"og:url\" content=\"https:\/\/futurebrau.hakhtlfreistadt.at\/?page_id=529\" \/>\n<meta property=\"og:site_name\" content=\"Future Br\u00e4u\" \/>\n<meta property=\"article:modified_time\" content=\"2025-02-10T14:12:26+00:00\" \/>\n<meta name=\"twitter:card\" content=\"summary_large_image\" \/>\n<meta name=\"twitter:label1\" content=\"Gesch\u00e4tzte Lesezeit\" \/>\n\t<meta name=\"twitter:data1\" content=\"1\u00a0Minute\" \/>\n<script type=\"application\/ld+json\" class=\"yoast-schema-graph\">{\"@context\":\"https:\/\/schema.org\",\"@graph\":[{\"@type\":\"WebPage\",\"@id\":\"https:\/\/futurebrau.hakhtlfreistadt.at\/?page_id=529\",\"url\":\"https:\/\/futurebrau.hakhtlfreistadt.at\/?page_id=529\",\"name\":\"AGB - Future Br\u00e4u\",\"isPartOf\":{\"@id\":\"https:\/\/futurebrau.hakhtlfreistadt.at\/#website\"},\"datePublished\":\"2024-03-05T13:18:17+00:00\",\"dateModified\":\"2025-02-10T14:12:26+00:00\",\"breadcrumb\":{\"@id\":\"https:\/\/futurebrau.hakhtlfreistadt.at\/?page_id=529#breadcrumb\"},\"inLanguage\":\"de\",\"potentialAction\":[{\"@type\":\"ReadAction\",\"target\":[\"https:\/\/futurebrau.hakhtlfreistadt.at\/?page_id=529\"]}]},{\"@type\":\"BreadcrumbList\",\"@id\":\"https:\/\/futurebrau.hakhtlfreistadt.at\/?page_id=529#breadcrumb\",\"itemListElement\":[{\"@type\":\"ListItem\",\"position\":1,\"name\":\"Home\",\"item\":\"https:\/\/futurebrau.hakhtlfreistadt.at\/\"},{\"@type\":\"ListItem\",\"position\":2,\"name\":\"AGB\"}]},{\"@type\":\"WebSite\",\"@id\":\"https:\/\/futurebrau.hakhtlfreistadt.at\/#website\",\"url\":\"https:\/\/futurebrau.hakhtlfreistadt.at\/\",\"name\":\"Future Br\u00e4u\",\"description\":\"\u00dcbungsfirma der HAK Freistadt\",\"publisher\":{\"@id\":\"https:\/\/futurebrau.hakhtlfreistadt.at\/#organization\"},\"potentialAction\":[{\"@type\":\"SearchAction\",\"target\":{\"@type\":\"EntryPoint\",\"urlTemplate\":\"https:\/\/futurebrau.hakhtlfreistadt.at\/?s={search_term_string}\"},\"query-input\":{\"@type\":\"PropertyValueSpecification\",\"valueRequired\":true,\"valueName\":\"search_term_string\"}}],\"inLanguage\":\"de\"},{\"@type\":\"Organization\",\"@id\":\"https:\/\/futurebrau.hakhtlfreistadt.at\/#organization\",\"name\":\"Future Br\u00e4u\",\"url\":\"https:\/\/futurebrau.hakhtlfreistadt.at\/\",\"logo\":{\"@type\":\"ImageObject\",\"inLanguage\":\"de\",\"@id\":\"https:\/\/futurebrau.hakhtlfreistadt.at\/#\/schema\/logo\/image\/\",\"url\":\"https:\/\/futurebrau.hakhtlfreistadt.at\/wp-content\/uploads\/2023\/03\/Logo_transparent.png\",\"contentUrl\":\"https:\/\/futurebrau.hakhtlfreistadt.at\/wp-content\/uploads\/2023\/03\/Logo_transparent.png\",\"width\":400,\"height\":249,\"caption\":\"Future Br\u00e4u\"},\"image\":{\"@id\":\"https:\/\/futurebrau.hakhtlfreistadt.at\/#\/schema\/logo\/image\/\"}}]}<\/script>\n<!-- \/ Yoast SEO plugin. -->","yoast_head_json":{"title":"AGB - Future Br\u00e4u","description":"Preise Unsere Katalogpreise sind fix und verstehen sich inkl. 20 % USt. \u00d6ffnungszeiten Dienstag: 13:45 &#8211; 16:10 Lieferbedingungen Die Lieferfrist beginnt mit dem Eintreffen der Bestellung. Die Lieferung erfolgt frei Haus. Zahlungsbedingungen 3% Skonto bei Zahlung innerhalb von 14 Tagen oder 30 Tage netto Kassa. M\u00e4ngelr\u00fcgen R\u00fccksendungen von besch\u00e4digter, falsch gelieferter oder irrt\u00fcmlich bestellter Ware &hellip;","robots":{"index":"index","follow":"follow","max-snippet":"max-snippet:-1","max-image-preview":"max-image-preview:large","max-video-preview":"max-video-preview:-1"},"canonical":"https:\/\/futurebrau.hakhtlfreistadt.at\/?page_id=529","og_locale":"de_DE","og_type":"article","og_title":"AGB - Future Br\u00e4u","og_description":"Preise Unsere Katalogpreise sind fix und verstehen sich inkl. 20 % USt. \u00d6ffnungszeiten Dienstag: 13:45 &#8211; 16:10 Lieferbedingungen Die Lieferfrist beginnt mit dem Eintreffen der Bestellung. Die Lieferung erfolgt frei Haus. Zahlungsbedingungen 3% Skonto bei Zahlung innerhalb von 14 Tagen oder 30 Tage netto Kassa. M\u00e4ngelr\u00fcgen R\u00fccksendungen von besch\u00e4digter, falsch gelieferter oder irrt\u00fcmlich bestellter Ware &hellip;","og_url":"https:\/\/futurebrau.hakhtlfreistadt.at\/?page_id=529","og_site_name":"Future Br\u00e4u","article_modified_time":"2025-02-10T14:12:26+00:00","twitter_card":"summary_large_image","twitter_misc":{"Gesch\u00e4tzte Lesezeit":"1\u00a0Minute"},"schema":{"@context":"https:\/\/schema.org","@graph":[{"@type":"WebPage","@id":"https:\/\/futurebrau.hakhtlfreistadt.at\/?page_id=529","url":"https:\/\/futurebrau.hakhtlfreistadt.at\/?page_id=529","name":"AGB - Future Br\u00e4u","isPartOf":{"@id":"https:\/\/futurebrau.hakhtlfreistadt.at\/#website"},"datePublished":"2024-03-05T13:18:17+00:00","dateModified":"2025-02-10T14:12:26+00:00","breadcrumb":{"@id":"https:\/\/futurebrau.hakhtlfreistadt.at\/?page_id=529#breadcrumb"},"inLanguage":"de","potentialAction":[{"@type":"ReadAction","target":["https:\/\/futurebrau.hakhtlfreistadt.at\/?page_id=529"]}]},{"@type":"BreadcrumbList","@id":"https:\/\/futurebrau.hakhtlfreistadt.at\/?page_id=529#breadcrumb","itemListElement":[{"@type":"ListItem","position":1,"name":"Home","item":"https:\/\/futurebrau.hakhtlfreistadt.at\/"},{"@type":"ListItem","position":2,"name":"AGB"}]},{"@type":"WebSite","@id":"https:\/\/futurebrau.hakhtlfreistadt.at\/#website","url":"https:\/\/futurebrau.hakhtlfreistadt.at\/","name":"Future Br\u00e4u","description":"\u00dcbungsfirma der HAK Freistadt","publisher":{"@id":"https:\/\/futurebrau.hakhtlfreistadt.at\/#organization"},"potentialAction":[{"@type":"SearchAction","target":{"@type":"EntryPoint","urlTemplate":"https:\/\/futurebrau.hakhtlfreistadt.at\/?s={search_term_string}"},"query-input":{"@type":"PropertyValueSpecification","valueRequired":true,"valueName":"search_term_string"}}],"inLanguage":"de"},{"@type":"Organization","@id":"https:\/\/futurebrau.hakhtlfreistadt.at\/#organization","name":"Future Br\u00e4u","url":"https:\/\/futurebrau.hakhtlfreistadt.at\/","logo":{"@type":"ImageObject","inLanguage":"de","@id":"https:\/\/futurebrau.hakhtlfreistadt.at\/#\/schema\/logo\/image\/","url":"https:\/\/futurebrau.hakhtlfreistadt.at\/wp-content\/uploads\/2023\/03\/Logo_transparent.png","contentUrl":"https:\/\/futurebrau.hakhtlfreistadt.at\/wp-content\/uploads\/2023\/03\/Logo_transparent.png","width":400,"height":249,"caption":"Future Br\u00e4u"},"image":{"@id":"https:\/\/futurebrau.hakhtlfreistadt.at\/#\/schema\/logo\/image\/"}}]}},"_links":{"self":[{"href":"https:\/\/futurebrau.hakhtlfreistadt.at\/index.php?rest_route=\/wp\/v2\/pages\/529","targetHints":{"allow":["GET"]}}],"collection":[{"href":"https:\/\/futurebrau.hakhtlfreistadt.at\/index.php?rest_route=\/wp\/v2\/pages"}],"about":[{"href":"https:\/\/futurebrau.hakhtlfreistadt.at\/index.php?rest_route=\/wp\/v2\/types\/page"}],"author":[{"embeddable":true,"href":"https:\/\/futurebrau.hakhtlfreistadt.at\/index.php?rest_route=\/wp\/v2\/users\/2"}],"replies":[{"embeddable":true,"href":"https:\/\/futurebrau.hakhtlfreistadt.at\/index.php?rest_route=%2Fwp%2Fv2%2Fcomments&post=529"}],"version-history":[{"count":12,"href":"https:\/\/futurebrau.hakhtlfreistadt.at\/index.php?rest_route=\/wp\/v2\/pages\/529\/revisions"}],"predecessor-version":[{"id":661,"href":"https:\/\/futurebrau.hakhtlfreistadt.at\/index.php?rest_route=\/wp\/v2\/pages\/529\/revisions\/661"}],"wp:attachment":[{"href":"https:\/\/futurebrau.hakhtlfreistadt.at\/index.php?rest_route=%2Fwp%2Fv2%2Fmedia&parent=529"}],"curies":[{"name":"wp","href":"https:\/\/api.w.org\/{rel}","templated":true}]}}