{"id":68,"date":"2023-03-23T13:03:58","date_gmt":"2023-03-23T13:03:58","guid":{"rendered":"https:\/\/futurebrau.hakhtlfreistadt.at\/?page_id=68"},"modified":"2026-03-03T14:17:54","modified_gmt":"2026-03-03T14:17:54","slug":"ueber-uns","status":"publish","type":"page","link":"https:\/\/futurebrau.hakhtlfreistadt.at\/?page_id=68","title":{"rendered":"\u00dcber Uns"},"content":{"rendered":"\n<ol start=\"1\" style=\"list-style-type:1\" class=\"wp-block-list\">\n<li><strong>Allgemeine Daten der \u00dcbungsfirma<\/strong><\/li>\n<\/ol>\n\n\n\n<ul class=\"wp-block-list\">\n<li>Firmenname\n<ul class=\"wp-block-list\">\n<li>FUTURE BR\u00c4U<br>Freist\u00e4dter Getr\u00e4nkehandel GmbH<\/li>\n<\/ul>\n<\/li>\n\n\n\n<li>Unternehmensgegenstand\n<ul class=\"wp-block-list\">\n<li>Handel mit alkoholischen und antialkoholischen Getr\u00e4nken<\/li>\n\n\n\n<li>Handel mit Fanartikeln der Brauerei Freistadt, K\u00fchlschr\u00e4nken, Getr\u00e4nkeautomaten<\/li>\n<\/ul>\n<\/li>\n\n\n\n<li>Branche\n<ul class=\"wp-block-list\">\n<li>Handel<\/li>\n<\/ul>\n<\/li>\n\n\n\n<li>Produktgruppen\n<ul class=\"wp-block-list\">\n<li>Bier<\/li>\n\n\n\n<li>Limonaden<\/li>\n\n\n\n<li>Fanartikel<\/li>\n\n\n\n<li>Sonstiges<\/li>\n<\/ul>\n<\/li>\n\n\n\n<li>Partnerfirma\n<ul class=\"wp-block-list\">\n<li>Braucommune\/Brauerei Freistadt<br>Brauhausstra\u00dfe 2, 4240 Freistadt<\/li>\n<\/ul>\n<\/li>\n<\/ul>\n\n\n\n<p>hierarchische Arbeitsteilung<\/p>\n\n\n<div class=\"wp-block-image\">\n<figure class=\"aligncenter size-large\"><img loading=\"lazy\" decoding=\"async\" width=\"1024\" height=\"724\" src=\"http:\/\/futurebrau.hakhtlfreistadt.at\/wp-content\/uploads\/2026\/01\/Teamuebersicht-pdf-1024x724.jpg\" alt=\"\" class=\"wp-image-34604\"\/><\/figure><\/div>\n\n\n<p>2.&nbsp;<strong>P\u00e4dagogisches Unterrichtskonzept<\/strong><\/p>\n\n\n\n<p>Die \u00dcbungsfirma soll ein tats\u00e4chliches Unternehmen m\u00f6glichst genau modellieren und den Sch\u00fcler\/innen das Arbeiten in Abteilungen realistisch n\u00e4herbringen. Dabei lernt man Abl\u00e4ufe wie das Erstellen und Bearbeiten von Angeboten, Bestellungen oder Rechnungen. Sowie alles in Bezug auf Abgaben beim Finanzamt und bei der Gesundheitskasse. Zudem wird der richtige Umgang mit Geld, L\u00f6hnen, Steuern und Abgabefristen erlernt. Es ist besonders wichtig, dass theoretisch erworbenes Wissen in der Praxis angewendet und vertieft werden kann.<\/p>\n\n\n\n<p>Au\u00dferdem wird auch darauf geachtet Lernprozesse in Gang setzen, Sch\u00fcler\/innen zu motivieren, Teamf\u00e4higkeit zu bilden und eine positive Einstellung auch bei Problemen zu wahren. Die \u00dcbungsfirma schult unternehmerisches Denken und unterst\u00fctzt die F\u00e4higkeiten, die es ben\u00f6tigt um ein eigenes Unternehmen gr\u00fcnden und erfolgreich leiten zu k\u00f6nnen.<\/p>\n\n\n\n<p><strong>Rolle des Lehrers<\/strong><\/p>\n\n\n\n<p>Die Verantwortung des Lehrers liegt darin die langfristigen Ziele und Rahmenbedingungen vorzugeben und mit den Sch\u00fclern\/Sch\u00fclerinnen gemeinsam die strategischen, operativen und pers\u00f6nlichen Ziele durch eine Besprechung festzulegen. Nach einer Einf\u00fchrungsphase arbeiten die Sch\u00fcler\/innen selbstst\u00e4ndig. Der Lehrende \u00fcbernimmt nur mehr beratende T\u00e4tigkeiten und leistet Hilfestellungen auf Anfrage. Als Lehrender ist man auch daf\u00fcr verantwortlich, die Job Rotation und Aufgabenzuteilung so zu steuern, dass die Sch\u00fcler\/innen auch im Rahmen der laufenden \u00dcfa-Arbeit an ihren Lernzielen arbeiten k\u00f6nnen.<\/p>\n\n\n\n<p>3.&nbsp;<strong>Strategische Unternehmensziele und Jahresschwerpunkte<\/strong><\/p>\n\n\n\n<p>Um auf etwas zielstrebig hinarbeiten zu k\u00f6nnen, setzen wir uns am Beginn des Gesch\u00e4ftsjahres zwei Schwerpunkte, welche wir neben dem normalen Gesch\u00e4ftsalltag bearbeiten.<\/p>\n\n\n\n<p><strong>Qualit\u00e4tsaudit<\/strong><\/p>\n\n\n\n<p>Die erfolgreiche Bewertung der Qualit\u00e4t unserer \u00dcbungsfirma liegt uns am Herzen. Jeder Abteilung und jeder Mitarbeiterin wurden zu Beginn unseres Gesch\u00e4ftsjahres Aufgaben aus einem Kriterienkatalog zugewiesen, welche individuell und pflichtbewusst abgearbeitet werden. Als Best\u00e4tigung f\u00fcr unseren Einsatz haben wir uns entschieden, beim Qualit\u00e4tsaudit teilzunehmen.<\/p>\n\n\n\n<p><strong>\u00dcbungsfirmenpr\u00e4sentation<\/strong><\/p>\n\n\n\n<p>Pr\u00e4senz in der Region, wie der direkte Kontakt zu unseren Kunden und die Einf\u00fchrung von Sch\u00fcler\/innen in unseren Arbeitsalltag sind uns besonders wichtig. F\u00fcr den im J\u00e4nner stattfindenden Tag der offenen T\u00fcr unserer Schule, arbeiten wir an einer neu gestalteten Werbetafel. Au\u00dferdem bieten wir Kostproben unserer Produkte an, weshalb wir mit unserem Partnerunternehmen koordinieren m\u00fcssen.<\/p>\n\n\n\n<p>4.&nbsp;<strong>Nachhaltigkeit<\/strong><\/p>\n\n\n\n<p>Die Nachhaltigkeit spielt bei uns eine besonders gro\u00dfe Rolle und zieht sich durch das gesamte Unternehmen.<\/p>\n\n\n\n<p>Wir sparen Transportwege, da wir gro\u00dfen Wert auf regionale Rohstoffe in unseren Produkten legen. Au\u00dferdem werden unsere Biere und Limonaden in Glasflaschen abgef\u00fcllt, welche durch ein Pfandsystem funktionieren und daher ausgewaschen und wiederverwendet werden.<\/p>\n\n\n\n<p>Digitalisierung liegt uns sehr am Herzen, weshalb wir versuchen, Ausdrucke so weit wie m\u00f6glich zu vermeiden.<\/p>\n\n\n\n<p>Durch das Projekt \u201eOffice-Sharing\u201c mit den Unternehmen Sharktastic Elektronikhandel GmbH und Sparetime Freizeithandels GmbH, welche durch die unterschiedlichen Gesch\u00e4ftszeiten m\u00f6glich ist, arbeiten wir sehr nachhaltig und ressourcensparend.<\/p>\n\n\n\n<p>5.&nbsp;<strong>Digitalisierung<\/strong><\/p>\n\n\n\n<p>Wir f\u00fchren alle unsere T\u00e4tigkeiten mit computerunterst\u00fctzten Programmen durch, um schnell und effektiv zu arbeiten. In den Abteilungen Personal, Verkauf und besonders Rechnungswesen wird mit den Business Software Programmen BMD NTCS, ACT und ELDA gearbeitet. Welche gro\u00dfartig dazu beitragen uns auf das sp\u00e4tere Arbeiten mit \u00e4hnlichen Anwendungen vorzubereiten.<\/p>\n\n\n\n<p>In unserer sich st\u00e4ndig wandelnden, digitalisierten Welt ist es wichtig st\u00e4ndig auf dem neuesten Stand der Technik zu sein und zu wissen wie man damit um gehen muss.<\/p>\n","protected":false},"excerpt":{"rendered":"<p>hierarchische Arbeitsteilung 2.&nbsp;P\u00e4dagogisches Unterrichtskonzept Die \u00dcbungsfirma soll ein tats\u00e4chliches Unternehmen m\u00f6glichst genau modellieren und den Sch\u00fcler\/innen das Arbeiten in Abteilungen realistisch n\u00e4herbringen. Dabei lernt man Abl\u00e4ufe wie das Erstellen und Bearbeiten von Angeboten, Bestellungen oder Rechnungen. Sowie alles in Bezug auf Abgaben beim Finanzamt und bei der Gesundheitskasse. Zudem wird der richtige Umgang mit Geld, &hellip; <\/p>\n","protected":false},"author":1,"featured_media":0,"parent":0,"menu_order":0,"comment_status":"closed","ping_status":"closed","template":"","meta":{"footnotes":""},"class_list":["post-68","page","type-page","status-publish","hentry"],"yoast_head":"<!-- This site is optimized with the Yoast SEO plugin v26.5 - https:\/\/yoast.com\/wordpress\/plugins\/seo\/ -->\n<title>\u00dcber Uns - Future Br\u00e4u<\/title>\n<meta name=\"description\" content=\"hierarchische Arbeitsteilung 2.&nbsp;P\u00e4dagogisches Unterrichtskonzept Die \u00dcbungsfirma soll ein tats\u00e4chliches Unternehmen m\u00f6glichst genau modellieren und den Sch\u00fcler\/innen das Arbeiten in Abteilungen realistisch n\u00e4herbringen. Dabei lernt man Abl\u00e4ufe wie das Erstellen und Bearbeiten von Angeboten, Bestellungen oder Rechnungen. Sowie alles in Bezug auf Abgaben beim Finanzamt und bei der Gesundheitskasse. Zudem wird der richtige Umgang mit Geld, &hellip;\" \/>\n<meta name=\"robots\" content=\"index, follow, max-snippet:-1, max-image-preview:large, max-video-preview:-1\" \/>\n<link rel=\"canonical\" href=\"https:\/\/futurebrau.hakhtlfreistadt.at\/?page_id=68\" \/>\n<meta property=\"og:locale\" content=\"de_DE\" \/>\n<meta property=\"og:type\" content=\"article\" \/>\n<meta property=\"og:title\" content=\"\u00dcber Uns - Future Br\u00e4u\" \/>\n<meta property=\"og:description\" content=\"hierarchische Arbeitsteilung 2.&nbsp;P\u00e4dagogisches Unterrichtskonzept Die \u00dcbungsfirma soll ein tats\u00e4chliches Unternehmen m\u00f6glichst genau modellieren und den Sch\u00fcler\/innen das Arbeiten in Abteilungen realistisch n\u00e4herbringen. Dabei lernt man Abl\u00e4ufe wie das Erstellen und Bearbeiten von Angeboten, Bestellungen oder Rechnungen. Sowie alles in Bezug auf Abgaben beim Finanzamt und bei der Gesundheitskasse. Zudem wird der richtige Umgang mit Geld, &hellip;\" \/>\n<meta property=\"og:url\" content=\"https:\/\/futurebrau.hakhtlfreistadt.at\/?page_id=68\" \/>\n<meta property=\"og:site_name\" content=\"Future Br\u00e4u\" \/>\n<meta property=\"article:modified_time\" content=\"2026-03-03T14:17:54+00:00\" \/>\n<meta name=\"twitter:card\" content=\"summary_large_image\" \/>\n<meta name=\"twitter:label1\" content=\"Gesch\u00e4tzte Lesezeit\" \/>\n\t<meta name=\"twitter:data1\" content=\"4\u00a0Minuten\" \/>\n<script type=\"application\/ld+json\" class=\"yoast-schema-graph\">{\"@context\":\"https:\/\/schema.org\",\"@graph\":[{\"@type\":\"WebPage\",\"@id\":\"https:\/\/futurebrau.hakhtlfreistadt.at\/?page_id=68\",\"url\":\"https:\/\/futurebrau.hakhtlfreistadt.at\/?page_id=68\",\"name\":\"\u00dcber Uns - Future Br\u00e4u\",\"isPartOf\":{\"@id\":\"https:\/\/futurebrau.hakhtlfreistadt.at\/#website\"},\"primaryImageOfPage\":{\"@id\":\"https:\/\/futurebrau.hakhtlfreistadt.at\/?page_id=68#primaryimage\"},\"image\":{\"@id\":\"https:\/\/futurebrau.hakhtlfreistadt.at\/?page_id=68#primaryimage\"},\"thumbnailUrl\":\"http:\/\/futurebrau.hakhtlfreistadt.at\/wp-content\/uploads\/2026\/01\/Teamuebersicht-pdf-1024x724.jpg\",\"datePublished\":\"2023-03-23T13:03:58+00:00\",\"dateModified\":\"2026-03-03T14:17:54+00:00\",\"breadcrumb\":{\"@id\":\"https:\/\/futurebrau.hakhtlfreistadt.at\/?page_id=68#breadcrumb\"},\"inLanguage\":\"de\",\"potentialAction\":[{\"@type\":\"ReadAction\",\"target\":[\"https:\/\/futurebrau.hakhtlfreistadt.at\/?page_id=68\"]}]},{\"@type\":\"ImageObject\",\"inLanguage\":\"de\",\"@id\":\"https:\/\/futurebrau.hakhtlfreistadt.at\/?page_id=68#primaryimage\",\"url\":\"https:\/\/futurebrau.hakhtlfreistadt.at\/wp-content\/uploads\/2026\/01\/Teamuebersicht-pdf.jpg\",\"contentUrl\":\"https:\/\/futurebrau.hakhtlfreistadt.at\/wp-content\/uploads\/2026\/01\/Teamuebersicht-pdf.jpg\"},{\"@type\":\"BreadcrumbList\",\"@id\":\"https:\/\/futurebrau.hakhtlfreistadt.at\/?page_id=68#breadcrumb\",\"itemListElement\":[{\"@type\":\"ListItem\",\"position\":1,\"name\":\"Home\",\"item\":\"https:\/\/futurebrau.hakhtlfreistadt.at\/\"},{\"@type\":\"ListItem\",\"position\":2,\"name\":\"\u00dcber Uns\"}]},{\"@type\":\"WebSite\",\"@id\":\"https:\/\/futurebrau.hakhtlfreistadt.at\/#website\",\"url\":\"https:\/\/futurebrau.hakhtlfreistadt.at\/\",\"name\":\"Future Br\u00e4u\",\"description\":\"\u00dcbungsfirma der HAK Freistadt\",\"publisher\":{\"@id\":\"https:\/\/futurebrau.hakhtlfreistadt.at\/#organization\"},\"potentialAction\":[{\"@type\":\"SearchAction\",\"target\":{\"@type\":\"EntryPoint\",\"urlTemplate\":\"https:\/\/futurebrau.hakhtlfreistadt.at\/?s={search_term_string}\"},\"query-input\":{\"@type\":\"PropertyValueSpecification\",\"valueRequired\":true,\"valueName\":\"search_term_string\"}}],\"inLanguage\":\"de\"},{\"@type\":\"Organization\",\"@id\":\"https:\/\/futurebrau.hakhtlfreistadt.at\/#organization\",\"name\":\"Future Br\u00e4u\",\"url\":\"https:\/\/futurebrau.hakhtlfreistadt.at\/\",\"logo\":{\"@type\":\"ImageObject\",\"inLanguage\":\"de\",\"@id\":\"https:\/\/futurebrau.hakhtlfreistadt.at\/#\/schema\/logo\/image\/\",\"url\":\"https:\/\/futurebrau.hakhtlfreistadt.at\/wp-content\/uploads\/2023\/03\/Logo_transparent.png\",\"contentUrl\":\"https:\/\/futurebrau.hakhtlfreistadt.at\/wp-content\/uploads\/2023\/03\/Logo_transparent.png\",\"width\":400,\"height\":249,\"caption\":\"Future Br\u00e4u\"},\"image\":{\"@id\":\"https:\/\/futurebrau.hakhtlfreistadt.at\/#\/schema\/logo\/image\/\"}}]}<\/script>\n<!-- \/ Yoast SEO plugin. -->","yoast_head_json":{"title":"\u00dcber Uns - Future Br\u00e4u","description":"hierarchische Arbeitsteilung 2.&nbsp;P\u00e4dagogisches Unterrichtskonzept Die \u00dcbungsfirma soll ein tats\u00e4chliches Unternehmen m\u00f6glichst genau modellieren und den Sch\u00fcler\/innen das Arbeiten in Abteilungen realistisch n\u00e4herbringen. Dabei lernt man Abl\u00e4ufe wie das Erstellen und Bearbeiten von Angeboten, Bestellungen oder Rechnungen. Sowie alles in Bezug auf Abgaben beim Finanzamt und bei der Gesundheitskasse. Zudem wird der richtige Umgang mit Geld, &hellip;","robots":{"index":"index","follow":"follow","max-snippet":"max-snippet:-1","max-image-preview":"max-image-preview:large","max-video-preview":"max-video-preview:-1"},"canonical":"https:\/\/futurebrau.hakhtlfreistadt.at\/?page_id=68","og_locale":"de_DE","og_type":"article","og_title":"\u00dcber Uns - Future Br\u00e4u","og_description":"hierarchische Arbeitsteilung 2.&nbsp;P\u00e4dagogisches Unterrichtskonzept Die \u00dcbungsfirma soll ein tats\u00e4chliches Unternehmen m\u00f6glichst genau modellieren und den Sch\u00fcler\/innen das Arbeiten in Abteilungen realistisch n\u00e4herbringen. Dabei lernt man Abl\u00e4ufe wie das Erstellen und Bearbeiten von Angeboten, Bestellungen oder Rechnungen. Sowie alles in Bezug auf Abgaben beim Finanzamt und bei der Gesundheitskasse. Zudem wird der richtige Umgang mit Geld, &hellip;","og_url":"https:\/\/futurebrau.hakhtlfreistadt.at\/?page_id=68","og_site_name":"Future Br\u00e4u","article_modified_time":"2026-03-03T14:17:54+00:00","twitter_card":"summary_large_image","twitter_misc":{"Gesch\u00e4tzte Lesezeit":"4\u00a0Minuten"},"schema":{"@context":"https:\/\/schema.org","@graph":[{"@type":"WebPage","@id":"https:\/\/futurebrau.hakhtlfreistadt.at\/?page_id=68","url":"https:\/\/futurebrau.hakhtlfreistadt.at\/?page_id=68","name":"\u00dcber Uns - Future Br\u00e4u","isPartOf":{"@id":"https:\/\/futurebrau.hakhtlfreistadt.at\/#website"},"primaryImageOfPage":{"@id":"https:\/\/futurebrau.hakhtlfreistadt.at\/?page_id=68#primaryimage"},"image":{"@id":"https:\/\/futurebrau.hakhtlfreistadt.at\/?page_id=68#primaryimage"},"thumbnailUrl":"http:\/\/futurebrau.hakhtlfreistadt.at\/wp-content\/uploads\/2026\/01\/Teamuebersicht-pdf-1024x724.jpg","datePublished":"2023-03-23T13:03:58+00:00","dateModified":"2026-03-03T14:17:54+00:00","breadcrumb":{"@id":"https:\/\/futurebrau.hakhtlfreistadt.at\/?page_id=68#breadcrumb"},"inLanguage":"de","potentialAction":[{"@type":"ReadAction","target":["https:\/\/futurebrau.hakhtlfreistadt.at\/?page_id=68"]}]},{"@type":"ImageObject","inLanguage":"de","@id":"https:\/\/futurebrau.hakhtlfreistadt.at\/?page_id=68#primaryimage","url":"https:\/\/futurebrau.hakhtlfreistadt.at\/wp-content\/uploads\/2026\/01\/Teamuebersicht-pdf.jpg","contentUrl":"https:\/\/futurebrau.hakhtlfreistadt.at\/wp-content\/uploads\/2026\/01\/Teamuebersicht-pdf.jpg"},{"@type":"BreadcrumbList","@id":"https:\/\/futurebrau.hakhtlfreistadt.at\/?page_id=68#breadcrumb","itemListElement":[{"@type":"ListItem","position":1,"name":"Home","item":"https:\/\/futurebrau.hakhtlfreistadt.at\/"},{"@type":"ListItem","position":2,"name":"\u00dcber Uns"}]},{"@type":"WebSite","@id":"https:\/\/futurebrau.hakhtlfreistadt.at\/#website","url":"https:\/\/futurebrau.hakhtlfreistadt.at\/","name":"Future Br\u00e4u","description":"\u00dcbungsfirma der HAK Freistadt","publisher":{"@id":"https:\/\/futurebrau.hakhtlfreistadt.at\/#organization"},"potentialAction":[{"@type":"SearchAction","target":{"@type":"EntryPoint","urlTemplate":"https:\/\/futurebrau.hakhtlfreistadt.at\/?s={search_term_string}"},"query-input":{"@type":"PropertyValueSpecification","valueRequired":true,"valueName":"search_term_string"}}],"inLanguage":"de"},{"@type":"Organization","@id":"https:\/\/futurebrau.hakhtlfreistadt.at\/#organization","name":"Future Br\u00e4u","url":"https:\/\/futurebrau.hakhtlfreistadt.at\/","logo":{"@type":"ImageObject","inLanguage":"de","@id":"https:\/\/futurebrau.hakhtlfreistadt.at\/#\/schema\/logo\/image\/","url":"https:\/\/futurebrau.hakhtlfreistadt.at\/wp-content\/uploads\/2023\/03\/Logo_transparent.png","contentUrl":"https:\/\/futurebrau.hakhtlfreistadt.at\/wp-content\/uploads\/2023\/03\/Logo_transparent.png","width":400,"height":249,"caption":"Future Br\u00e4u"},"image":{"@id":"https:\/\/futurebrau.hakhtlfreistadt.at\/#\/schema\/logo\/image\/"}}]}},"_links":{"self":[{"href":"https:\/\/futurebrau.hakhtlfreistadt.at\/index.php?rest_route=\/wp\/v2\/pages\/68","targetHints":{"allow":["GET"]}}],"collection":[{"href":"https:\/\/futurebrau.hakhtlfreistadt.at\/index.php?rest_route=\/wp\/v2\/pages"}],"about":[{"href":"https:\/\/futurebrau.hakhtlfreistadt.at\/index.php?rest_route=\/wp\/v2\/types\/page"}],"author":[{"embeddable":true,"href":"https:\/\/futurebrau.hakhtlfreistadt.at\/index.php?rest_route=\/wp\/v2\/users\/1"}],"replies":[{"embeddable":true,"href":"https:\/\/futurebrau.hakhtlfreistadt.at\/index.php?rest_route=%2Fwp%2Fv2%2Fcomments&post=68"}],"version-history":[{"count":9,"href":"https:\/\/futurebrau.hakhtlfreistadt.at\/index.php?rest_route=\/wp\/v2\/pages\/68\/revisions"}],"predecessor-version":[{"id":34621,"href":"https:\/\/futurebrau.hakhtlfreistadt.at\/index.php?rest_route=\/wp\/v2\/pages\/68\/revisions\/34621"}],"wp:attachment":[{"href":"https:\/\/futurebrau.hakhtlfreistadt.at\/index.php?rest_route=%2Fwp%2Fv2%2Fmedia&parent=68"}],"curies":[{"name":"wp","href":"https:\/\/api.w.org\/{rel}","templated":true}]}}