{"id":69,"date":"2023-03-23T13:03:58","date_gmt":"2023-03-23T13:03:58","guid":{"rendered":"https:\/\/futurebrau.hakhtlfreistadt.at\/?page_id=69"},"modified":"2026-01-20T14:10:10","modified_gmt":"2026-01-20T14:10:10","slug":"leitbild","status":"publish","type":"page","link":"https:\/\/futurebrau.hakhtlfreistadt.at\/?page_id=69","title":{"rendered":"Leitbild"},"content":{"rendered":"\n<h5 class=\"wp-block-heading\"><strong>Vision<\/strong><\/h5>\n\n\n\n<p>Wir wollen zu den besten Lieferanten f\u00fcr Bierprodukte, Bierzubeh\u00f6r und Limonaden in \u00d6sterreich geh\u00f6ren.<\/p>\n\n\n\n<h5 class=\"wp-block-heading\"><strong>Mission<\/strong><\/h5>\n\n\n\n<p>Wir begeistern unsere Kunden t\u00e4glich mit unseren qualitativ hochwertigen Produkten und ausgezeichnetem Service. Au\u00dferdem legen wir gro\u00dfen Wert auf langfristige Kunden- und Lieferantenbeziehungen.&nbsp;<\/p>\n\n\n\n<h5 class=\"wp-block-heading\"><strong>Unsere Werte<\/strong><\/h5>\n\n\n\n<p><strong>Verl\u00e4sslichkeit<\/strong><\/p>\n\n\n\n<p>Verl\u00e4sslichkeit gegen\u00fcber den Kunden und Lieferanten sowie innerhalb des Unternehmens ist f\u00fcr uns von gro\u00dfer Wichtigkeit. Jede Mitarbeiterin kann sich auf ihre Kollegin verlassen und unsere Kunden und Lieferanten k\u00f6nnen sich wiederum auf unsere Mitarbeiterinnen verlassen. Unsere Mitarbeiterinnen erledigen ihre Aufgaben gewissenhaft, gr\u00fcndlich und schnell und verf\u00fcgen \u00fcber eine hohe Fachkompetenz.<\/p>\n\n\n\n<p><strong>Leistungsbereitschaft<\/strong><\/p>\n\n\n\n<p>Unsere Mitarbeiterinnen handeln prozessorientiert und konzentrieren sich dabei auf das Wesentliche. Sie ruhen sich nicht auf Erfolg aus und handeln sofort bei Fehlern und Fehlentwicklungen. Ihnen ist es besonders wichtig, aus vergangenen Fehlern zu lernen und diese in Zukunft zu vermeiden.<\/p>\n\n\n\n<p><strong>Ehrgeiz<\/strong><\/p>\n\n\n\n<p>Nur durch perfekte Abl\u00e4ufe und Leistungen k\u00f6nnen wir Kunden durch unseren Service begeistern. Wir haben uns zum Ziel gesetzt, unsere Aufgaben so gut wie m\u00f6glich zu erf\u00fcllen \u2013 das gilt f\u00fcr alle Abteilungen. Wir arbeiten zukunftsorientiert und wollen diese positiv gestalten<\/p>\n\n\n\n<h5 class=\"wp-block-heading\"><strong>Leitbild f\u00fcr unsere \u00dcbungsfirma als Lernort<\/strong><\/h5>\n\n\n\n<p>Unsere \u00dcbungsfirma ist ein Lernort, an dem wir an unsere&nbsp;fachlichen und pers\u00f6nlichen Kompetenzen selbst\u00e4ndig und eigenverantwortlich erarbeiten und uns dadurch entwickeln k\u00f6nnen. Unsere Arbeit in der \u00dcbungsfirma&nbsp;wird durch einen kollegialen, sowie freundlichen Umgang gepr\u00e4gt. Als wertvolle Hilfe f\u00fcr kontinuierlichen Lernprozess nehmen wir Feedback von unseren Kollegen und Kolleginnen und unseren Vorgesetzten an.<\/p>\n\n\n\n<p><\/p>\n\n\n\n<h4 class=\"wp-block-heading has-text-align-center\">Team<\/h4>\n\n\n\n<p><\/p>\n\n\n<div class=\"wp-block-image\">\n<figure class=\"aligncenter size-full\"><img loading=\"lazy\" decoding=\"async\" width=\"902\" height=\"676\" src=\"https:\/\/futurebrau.hakhtlfreistadt.at\/wp-content\/uploads\/2026\/01\/TeamFoto.png\" alt=\"\" class=\"wp-image-34607\" srcset=\"https:\/\/futurebrau.hakhtlfreistadt.at\/wp-content\/uploads\/2026\/01\/TeamFoto.png 902w, https:\/\/futurebrau.hakhtlfreistadt.at\/wp-content\/uploads\/2026\/01\/TeamFoto-300x225.png 300w, https:\/\/futurebrau.hakhtlfreistadt.at\/wp-content\/uploads\/2026\/01\/TeamFoto-768x576.png 768w\" sizes=\"auto, (max-width: 902px) 100vw, 902px\" \/><\/figure><\/div>\n\n\n<blockquote class=\"wp-block-quote is-layout-flow wp-block-quote-is-layout-flow\">\n<h2 class=\"wp-block-heading has-text-align-center\">Wo Biergenuss zu Hause ist!<\/h2>\n<\/blockquote>\n","protected":false},"excerpt":{"rendered":"<p>Vision Wir wollen zu den besten Lieferanten f\u00fcr Bierprodukte, Bierzubeh\u00f6r und Limonaden in \u00d6sterreich geh\u00f6ren. Mission Wir begeistern unsere Kunden t\u00e4glich mit unseren qualitativ hochwertigen Produkten und ausgezeichnetem Service. Au\u00dferdem legen wir gro\u00dfen Wert auf langfristige Kunden- und Lieferantenbeziehungen.&nbsp; Unsere Werte Verl\u00e4sslichkeit Verl\u00e4sslichkeit gegen\u00fcber den Kunden und Lieferanten sowie innerhalb des Unternehmens ist f\u00fcr uns &hellip; <\/p>\n","protected":false},"author":1,"featured_media":0,"parent":0,"menu_order":0,"comment_status":"closed","ping_status":"closed","template":"","meta":{"footnotes":""},"class_list":["post-69","page","type-page","status-publish","hentry"],"yoast_head":"<!-- This site is optimized with the Yoast SEO plugin v26.5 - https:\/\/yoast.com\/wordpress\/plugins\/seo\/ -->\n<title>Leitbild - Future Br\u00e4u<\/title>\n<meta name=\"description\" content=\"Vision Wir wollen zu den besten Lieferanten f\u00fcr Bierprodukte, Bierzubeh\u00f6r und Limonaden in \u00d6sterreich geh\u00f6ren. Mission Wir begeistern unsere Kunden t\u00e4glich mit unseren qualitativ hochwertigen Produkten und ausgezeichnetem Service. Au\u00dferdem legen wir gro\u00dfen Wert auf langfristige Kunden- und Lieferantenbeziehungen.&nbsp; Unsere Werte Verl\u00e4sslichkeit Verl\u00e4sslichkeit gegen\u00fcber den Kunden und Lieferanten sowie innerhalb des Unternehmens ist f\u00fcr uns &hellip;\" \/>\n<meta name=\"robots\" content=\"index, follow, max-snippet:-1, max-image-preview:large, max-video-preview:-1\" \/>\n<link rel=\"canonical\" href=\"https:\/\/futurebrau.hakhtlfreistadt.at\/?page_id=69\" \/>\n<meta property=\"og:locale\" content=\"de_DE\" \/>\n<meta property=\"og:type\" content=\"article\" \/>\n<meta property=\"og:title\" content=\"Leitbild - Future Br\u00e4u\" \/>\n<meta property=\"og:description\" content=\"Vision Wir wollen zu den besten Lieferanten f\u00fcr Bierprodukte, Bierzubeh\u00f6r und Limonaden in \u00d6sterreich geh\u00f6ren. Mission Wir begeistern unsere Kunden t\u00e4glich mit unseren qualitativ hochwertigen Produkten und ausgezeichnetem Service. Au\u00dferdem legen wir gro\u00dfen Wert auf langfristige Kunden- und Lieferantenbeziehungen.&nbsp; Unsere Werte Verl\u00e4sslichkeit Verl\u00e4sslichkeit gegen\u00fcber den Kunden und Lieferanten sowie innerhalb des Unternehmens ist f\u00fcr uns &hellip;\" \/>\n<meta property=\"og:url\" content=\"https:\/\/futurebrau.hakhtlfreistadt.at\/?page_id=69\" \/>\n<meta property=\"og:site_name\" content=\"Future Br\u00e4u\" \/>\n<meta property=\"article:modified_time\" content=\"2026-01-20T14:10:10+00:00\" \/>\n<meta property=\"og:image\" content=\"https:\/\/futurebrau.hakhtlfreistadt.at\/wp-content\/uploads\/2026\/01\/TeamFoto.png\" \/>\n\t<meta property=\"og:image:width\" content=\"902\" \/>\n\t<meta property=\"og:image:height\" content=\"676\" \/>\n\t<meta property=\"og:image:type\" content=\"image\/png\" \/>\n<meta name=\"twitter:card\" content=\"summary_large_image\" \/>\n<meta name=\"twitter:label1\" content=\"Gesch\u00e4tzte Lesezeit\" \/>\n\t<meta name=\"twitter:data1\" content=\"2\u00a0Minuten\" \/>\n<script type=\"application\/ld+json\" class=\"yoast-schema-graph\">{\"@context\":\"https:\/\/schema.org\",\"@graph\":[{\"@type\":\"WebPage\",\"@id\":\"https:\/\/futurebrau.hakhtlfreistadt.at\/?page_id=69\",\"url\":\"https:\/\/futurebrau.hakhtlfreistadt.at\/?page_id=69\",\"name\":\"Leitbild - Future Br\u00e4u\",\"isPartOf\":{\"@id\":\"https:\/\/futurebrau.hakhtlfreistadt.at\/#website\"},\"primaryImageOfPage\":{\"@id\":\"https:\/\/futurebrau.hakhtlfreistadt.at\/?page_id=69#primaryimage\"},\"image\":{\"@id\":\"https:\/\/futurebrau.hakhtlfreistadt.at\/?page_id=69#primaryimage\"},\"thumbnailUrl\":\"https:\/\/futurebrau.hakhtlfreistadt.at\/wp-content\/uploads\/2026\/01\/TeamFoto.png\",\"datePublished\":\"2023-03-23T13:03:58+00:00\",\"dateModified\":\"2026-01-20T14:10:10+00:00\",\"breadcrumb\":{\"@id\":\"https:\/\/futurebrau.hakhtlfreistadt.at\/?page_id=69#breadcrumb\"},\"inLanguage\":\"de\",\"potentialAction\":[{\"@type\":\"ReadAction\",\"target\":[\"https:\/\/futurebrau.hakhtlfreistadt.at\/?page_id=69\"]}]},{\"@type\":\"ImageObject\",\"inLanguage\":\"de\",\"@id\":\"https:\/\/futurebrau.hakhtlfreistadt.at\/?page_id=69#primaryimage\",\"url\":\"https:\/\/futurebrau.hakhtlfreistadt.at\/wp-content\/uploads\/2026\/01\/TeamFoto.png\",\"contentUrl\":\"https:\/\/futurebrau.hakhtlfreistadt.at\/wp-content\/uploads\/2026\/01\/TeamFoto.png\",\"width\":902,\"height\":676},{\"@type\":\"BreadcrumbList\",\"@id\":\"https:\/\/futurebrau.hakhtlfreistadt.at\/?page_id=69#breadcrumb\",\"itemListElement\":[{\"@type\":\"ListItem\",\"position\":1,\"name\":\"Home\",\"item\":\"https:\/\/futurebrau.hakhtlfreistadt.at\/\"},{\"@type\":\"ListItem\",\"position\":2,\"name\":\"Leitbild\"}]},{\"@type\":\"WebSite\",\"@id\":\"https:\/\/futurebrau.hakhtlfreistadt.at\/#website\",\"url\":\"https:\/\/futurebrau.hakhtlfreistadt.at\/\",\"name\":\"Future Br\u00e4u\",\"description\":\"\u00dcbungsfirma der HAK Freistadt\",\"publisher\":{\"@id\":\"https:\/\/futurebrau.hakhtlfreistadt.at\/#organization\"},\"potentialAction\":[{\"@type\":\"SearchAction\",\"target\":{\"@type\":\"EntryPoint\",\"urlTemplate\":\"https:\/\/futurebrau.hakhtlfreistadt.at\/?s={search_term_string}\"},\"query-input\":{\"@type\":\"PropertyValueSpecification\",\"valueRequired\":true,\"valueName\":\"search_term_string\"}}],\"inLanguage\":\"de\"},{\"@type\":\"Organization\",\"@id\":\"https:\/\/futurebrau.hakhtlfreistadt.at\/#organization\",\"name\":\"Future Br\u00e4u\",\"url\":\"https:\/\/futurebrau.hakhtlfreistadt.at\/\",\"logo\":{\"@type\":\"ImageObject\",\"inLanguage\":\"de\",\"@id\":\"https:\/\/futurebrau.hakhtlfreistadt.at\/#\/schema\/logo\/image\/\",\"url\":\"https:\/\/futurebrau.hakhtlfreistadt.at\/wp-content\/uploads\/2023\/03\/Logo_transparent.png\",\"contentUrl\":\"https:\/\/futurebrau.hakhtlfreistadt.at\/wp-content\/uploads\/2023\/03\/Logo_transparent.png\",\"width\":400,\"height\":249,\"caption\":\"Future Br\u00e4u\"},\"image\":{\"@id\":\"https:\/\/futurebrau.hakhtlfreistadt.at\/#\/schema\/logo\/image\/\"}}]}<\/script>\n<!-- \/ Yoast SEO plugin. -->","yoast_head_json":{"title":"Leitbild - Future Br\u00e4u","description":"Vision Wir wollen zu den besten Lieferanten f\u00fcr Bierprodukte, Bierzubeh\u00f6r und Limonaden in \u00d6sterreich geh\u00f6ren. Mission Wir begeistern unsere Kunden t\u00e4glich mit unseren qualitativ hochwertigen Produkten und ausgezeichnetem Service. Au\u00dferdem legen wir gro\u00dfen Wert auf langfristige Kunden- und Lieferantenbeziehungen.&nbsp; Unsere Werte Verl\u00e4sslichkeit Verl\u00e4sslichkeit gegen\u00fcber den Kunden und Lieferanten sowie innerhalb des Unternehmens ist f\u00fcr uns &hellip;","robots":{"index":"index","follow":"follow","max-snippet":"max-snippet:-1","max-image-preview":"max-image-preview:large","max-video-preview":"max-video-preview:-1"},"canonical":"https:\/\/futurebrau.hakhtlfreistadt.at\/?page_id=69","og_locale":"de_DE","og_type":"article","og_title":"Leitbild - Future Br\u00e4u","og_description":"Vision Wir wollen zu den besten Lieferanten f\u00fcr Bierprodukte, Bierzubeh\u00f6r und Limonaden in \u00d6sterreich geh\u00f6ren. Mission Wir begeistern unsere Kunden t\u00e4glich mit unseren qualitativ hochwertigen Produkten und ausgezeichnetem Service. Au\u00dferdem legen wir gro\u00dfen Wert auf langfristige Kunden- und Lieferantenbeziehungen.&nbsp; Unsere Werte Verl\u00e4sslichkeit Verl\u00e4sslichkeit gegen\u00fcber den Kunden und Lieferanten sowie innerhalb des Unternehmens ist f\u00fcr uns &hellip;","og_url":"https:\/\/futurebrau.hakhtlfreistadt.at\/?page_id=69","og_site_name":"Future Br\u00e4u","article_modified_time":"2026-01-20T14:10:10+00:00","og_image":[{"width":902,"height":676,"url":"https:\/\/futurebrau.hakhtlfreistadt.at\/wp-content\/uploads\/2026\/01\/TeamFoto.png","type":"image\/png"}],"twitter_card":"summary_large_image","twitter_misc":{"Gesch\u00e4tzte Lesezeit":"2\u00a0Minuten"},"schema":{"@context":"https:\/\/schema.org","@graph":[{"@type":"WebPage","@id":"https:\/\/futurebrau.hakhtlfreistadt.at\/?page_id=69","url":"https:\/\/futurebrau.hakhtlfreistadt.at\/?page_id=69","name":"Leitbild - Future Br\u00e4u","isPartOf":{"@id":"https:\/\/futurebrau.hakhtlfreistadt.at\/#website"},"primaryImageOfPage":{"@id":"https:\/\/futurebrau.hakhtlfreistadt.at\/?page_id=69#primaryimage"},"image":{"@id":"https:\/\/futurebrau.hakhtlfreistadt.at\/?page_id=69#primaryimage"},"thumbnailUrl":"https:\/\/futurebrau.hakhtlfreistadt.at\/wp-content\/uploads\/2026\/01\/TeamFoto.png","datePublished":"2023-03-23T13:03:58+00:00","dateModified":"2026-01-20T14:10:10+00:00","breadcrumb":{"@id":"https:\/\/futurebrau.hakhtlfreistadt.at\/?page_id=69#breadcrumb"},"inLanguage":"de","potentialAction":[{"@type":"ReadAction","target":["https:\/\/futurebrau.hakhtlfreistadt.at\/?page_id=69"]}]},{"@type":"ImageObject","inLanguage":"de","@id":"https:\/\/futurebrau.hakhtlfreistadt.at\/?page_id=69#primaryimage","url":"https:\/\/futurebrau.hakhtlfreistadt.at\/wp-content\/uploads\/2026\/01\/TeamFoto.png","contentUrl":"https:\/\/futurebrau.hakhtlfreistadt.at\/wp-content\/uploads\/2026\/01\/TeamFoto.png","width":902,"height":676},{"@type":"BreadcrumbList","@id":"https:\/\/futurebrau.hakhtlfreistadt.at\/?page_id=69#breadcrumb","itemListElement":[{"@type":"ListItem","position":1,"name":"Home","item":"https:\/\/futurebrau.hakhtlfreistadt.at\/"},{"@type":"ListItem","position":2,"name":"Leitbild"}]},{"@type":"WebSite","@id":"https:\/\/futurebrau.hakhtlfreistadt.at\/#website","url":"https:\/\/futurebrau.hakhtlfreistadt.at\/","name":"Future Br\u00e4u","description":"\u00dcbungsfirma der HAK Freistadt","publisher":{"@id":"https:\/\/futurebrau.hakhtlfreistadt.at\/#organization"},"potentialAction":[{"@type":"SearchAction","target":{"@type":"EntryPoint","urlTemplate":"https:\/\/futurebrau.hakhtlfreistadt.at\/?s={search_term_string}"},"query-input":{"@type":"PropertyValueSpecification","valueRequired":true,"valueName":"search_term_string"}}],"inLanguage":"de"},{"@type":"Organization","@id":"https:\/\/futurebrau.hakhtlfreistadt.at\/#organization","name":"Future Br\u00e4u","url":"https:\/\/futurebrau.hakhtlfreistadt.at\/","logo":{"@type":"ImageObject","inLanguage":"de","@id":"https:\/\/futurebrau.hakhtlfreistadt.at\/#\/schema\/logo\/image\/","url":"https:\/\/futurebrau.hakhtlfreistadt.at\/wp-content\/uploads\/2023\/03\/Logo_transparent.png","contentUrl":"https:\/\/futurebrau.hakhtlfreistadt.at\/wp-content\/uploads\/2023\/03\/Logo_transparent.png","width":400,"height":249,"caption":"Future Br\u00e4u"},"image":{"@id":"https:\/\/futurebrau.hakhtlfreistadt.at\/#\/schema\/logo\/image\/"}}]}},"_links":{"self":[{"href":"https:\/\/futurebrau.hakhtlfreistadt.at\/index.php?rest_route=\/wp\/v2\/pages\/69","targetHints":{"allow":["GET"]}}],"collection":[{"href":"https:\/\/futurebrau.hakhtlfreistadt.at\/index.php?rest_route=\/wp\/v2\/pages"}],"about":[{"href":"https:\/\/futurebrau.hakhtlfreistadt.at\/index.php?rest_route=\/wp\/v2\/types\/page"}],"author":[{"embeddable":true,"href":"https:\/\/futurebrau.hakhtlfreistadt.at\/index.php?rest_route=\/wp\/v2\/users\/1"}],"replies":[{"embeddable":true,"href":"https:\/\/futurebrau.hakhtlfreistadt.at\/index.php?rest_route=%2Fwp%2Fv2%2Fcomments&post=69"}],"version-history":[{"count":8,"href":"https:\/\/futurebrau.hakhtlfreistadt.at\/index.php?rest_route=\/wp\/v2\/pages\/69\/revisions"}],"predecessor-version":[{"id":34608,"href":"https:\/\/futurebrau.hakhtlfreistadt.at\/index.php?rest_route=\/wp\/v2\/pages\/69\/revisions\/34608"}],"wp:attachment":[{"href":"https:\/\/futurebrau.hakhtlfreistadt.at\/index.php?rest_route=%2Fwp%2Fv2%2Fmedia&parent=69"}],"curies":[{"name":"wp","href":"https:\/\/api.w.org\/{rel}","templated":true}]}}