{"id":81,"date":"2023-03-23T13:06:18","date_gmt":"2023-03-23T13:06:18","guid":{"rendered":"https:\/\/futurebrau.hakhtlfreistadt.at\/?page_id=81"},"modified":"2026-01-20T13:19:19","modified_gmt":"2026-01-20T13:19:19","slug":"kontakt","status":"publish","type":"page","link":"https:\/\/futurebrau.hakhtlfreistadt.at\/?page_id=81","title":{"rendered":"Kontakt"},"content":{"rendered":"\n<p><\/p>\n\n\n\n<p><\/p>\n\n\n\n<div class=\"wp-block-cover alignfull is-light\" style=\"min-height:800px;aspect-ratio:unset;\"><span aria-hidden=\"true\" class=\"wp-block-cover__background has-background-dim-60 has-background-dim\" style=\"background-color:#171717\"><\/span><img decoding=\"async\" class=\"wp-block-cover__image-background wp-image-507\" alt=\"\" src=\"https:\/\/futurebrau.hakhtlfreistadt.at\/wp-content\/uploads\/2023\/11\/city-scape.jpg\" style=\"object-position:50% 75%\" data-object-fit=\"cover\" data-object-position=\"50% 75%\"\/><div class=\"wp-block-cover__inner-container is-layout-flow wp-block-cover-is-layout-flow\">\n<div class=\"wp-block-columns alignwide are-vertically-aligned-center is-layout-flex wp-container-core-columns-is-layout-9d6595d7 wp-block-columns-is-layout-flex\">\n<div class=\"wp-block-column is-vertically-aligned-center is-layout-flow wp-block-column-is-layout-flow\" style=\"flex-basis:35%\"><\/div>\n\n\n\n<div class=\"wp-block-column is-vertically-aligned-center is-layout-flow wp-block-column-is-layout-flow\" style=\"flex-basis:65%\">\n<div class=\"wp-block-group alignfull has-text-color has-background\" style=\"color:#272727;background-color:#272727\"><div class=\"wp-block-group__inner-container is-layout-flow wp-block-group-is-layout-flow\">\n<h2 class=\"wp-block-heading has-text-color\" style=\"color:#ffffff\">Kontakt<\/h2>\n\n\n\n<p class=\"has-text-color\" style=\"color:#d7d7d7\">Freist\u00e4dter Getr\u00e4nkehandel GmbH<br>\u00dcbungsfirma der HAK Freistadt<br>Tel: 07942 72444-21 <br>E-Mail: futurebrau1960@.uebungsfirmen.at<\/p>\n\n\n\n<div class=\"wp-block-columns alignwide are-vertically-aligned-center is-layout-flex wp-container-core-columns-is-layout-9d6595d7 wp-block-columns-is-layout-flex\">\n<div class=\"wp-block-column is-vertically-aligned-center is-layout-flow wp-block-column-is-layout-flow\">\n<p class=\"has-text-color\" style=\"color:#ffffff\">Brauhausstra\u00dfe 10<br>4240 Freistadt<\/p>\n\n\n\n<figure class=\"wp-block-image size-large\"><img loading=\"lazy\" decoding=\"async\" width=\"1024\" height=\"746\" src=\"https:\/\/futurebrau.hakhtlfreistadt.at\/wp-content\/uploads\/2023\/11\/Standort-1-1024x746.png\" alt=\"\" class=\"wp-image-429\" srcset=\"https:\/\/futurebrau.hakhtlfreistadt.at\/wp-content\/uploads\/2023\/11\/Standort-1-1024x746.png 1024w, https:\/\/futurebrau.hakhtlfreistadt.at\/wp-content\/uploads\/2023\/11\/Standort-1-300x219.png 300w, https:\/\/futurebrau.hakhtlfreistadt.at\/wp-content\/uploads\/2023\/11\/Standort-1-768x559.png 768w, https:\/\/futurebrau.hakhtlfreistadt.at\/wp-content\/uploads\/2023\/11\/Standort-1-82x60.png 82w, https:\/\/futurebrau.hakhtlfreistadt.at\/wp-content\/uploads\/2023\/11\/Standort-1-600x437.png 600w, https:\/\/futurebrau.hakhtlfreistadt.at\/wp-content\/uploads\/2023\/11\/Standort-1.png 1156w\" sizes=\"auto, (max-width: 1024px) 100vw, 1024px\" \/><\/figure>\n<\/div>\n<\/div>\n<\/div><\/div>\n<\/div>\n<\/div>\n<\/div><\/div>\n\n\n\n<p class=\"has-text-align-center\">Unsere Dienstzeiten: Montag von 13:45 &#8211; 16:00 Uhr<\/p>\n\n\n\n<div style=\"height:49px\" aria-hidden=\"true\" class=\"wp-block-spacer\"><\/div>\n\n\n\n<p class=\"has-text-align-center\"><strong>Hier kommen Sie zu unserem Instagram:<\/strong><\/p>\n\n\n\n<ul class=\"wp-block-social-links aligncenter has-large-icon-size is-style-default is-layout-flex wp-block-social-links-is-layout-flex\"><li class=\"wp-social-link wp-social-link-instagram  wp-block-social-link\"><a href=\"https:\/\/www.instagram.com\/_futurebraeu_\/?hl=de\" class=\"wp-block-social-link-anchor\"><svg width=\"24\" height=\"24\" viewBox=\"0 0 24 24\" version=\"1.1\" xmlns=\"http:\/\/www.w3.org\/2000\/svg\" aria-hidden=\"true\" focusable=\"false\"><path d=\"M12,4.622c2.403,0,2.688,0.009,3.637,0.052c0.877,0.04,1.354,0.187,1.671,0.31c0.42,0.163,0.72,0.358,1.035,0.673 c0.315,0.315,0.51,0.615,0.673,1.035c0.123,0.317,0.27,0.794,0.31,1.671c0.043,0.949,0.052,1.234,0.052,3.637 s-0.009,2.688-0.052,3.637c-0.04,0.877-0.187,1.354-0.31,1.671c-0.163,0.42-0.358,0.72-0.673,1.035 c-0.315,0.315-0.615,0.51-1.035,0.673c-0.317,0.123-0.794,0.27-1.671,0.31c-0.949,0.043-1.233,0.052-3.637,0.052 s-2.688-0.009-3.637-0.052c-0.877-0.04-1.354-0.187-1.671-0.31c-0.42-0.163-0.72-0.358-1.035-0.673 c-0.315-0.315-0.51-0.615-0.673-1.035c-0.123-0.317-0.27-0.794-0.31-1.671C4.631,14.688,4.622,14.403,4.622,12 s0.009-2.688,0.052-3.637c0.04-0.877,0.187-1.354,0.31-1.671c0.163-0.42,0.358-0.72,0.673-1.035 c0.315-0.315,0.615-0.51,1.035-0.673c0.317-0.123,0.794-0.27,1.671-0.31C9.312,4.631,9.597,4.622,12,4.622 M12,3 C9.556,3,9.249,3.01,8.289,3.054C7.331,3.098,6.677,3.25,6.105,3.472C5.513,3.702,5.011,4.01,4.511,4.511 c-0.5,0.5-0.808,1.002-1.038,1.594C3.25,6.677,3.098,7.331,3.054,8.289C3.01,9.249,3,9.556,3,12c0,2.444,0.01,2.751,0.054,3.711 c0.044,0.958,0.196,1.612,0.418,2.185c0.23,0.592,0.538,1.094,1.038,1.594c0.5,0.5,1.002,0.808,1.594,1.038 c0.572,0.222,1.227,0.375,2.185,0.418C9.249,20.99,9.556,21,12,21s2.751-0.01,3.711-0.054c0.958-0.044,1.612-0.196,2.185-0.418 c0.592-0.23,1.094-0.538,1.594-1.038c0.5-0.5,0.808-1.002,1.038-1.594c0.222-0.572,0.375-1.227,0.418-2.185 C20.99,14.751,21,14.444,21,12s-0.01-2.751-0.054-3.711c-0.044-0.958-0.196-1.612-0.418-2.185c-0.23-0.592-0.538-1.094-1.038-1.594 c-0.5-0.5-1.002-0.808-1.594-1.038c-0.572-0.222-1.227-0.375-2.185-0.418C14.751,3.01,14.444,3,12,3L12,3z M12,7.378 c-2.552,0-4.622,2.069-4.622,4.622S9.448,16.622,12,16.622s4.622-2.069,4.622-4.622S14.552,7.378,12,7.378z M12,15 c-1.657,0-3-1.343-3-3s1.343-3,3-3s3,1.343,3,3S13.657,15,12,15z M16.804,6.116c-0.596,0-1.08,0.484-1.08,1.08 s0.484,1.08,1.08,1.08c0.596,0,1.08-0.484,1.08-1.08S17.401,6.116,16.804,6.116z\"><\/path><\/svg><span class=\"wp-block-social-link-label screen-reader-text\">Instagram<\/span><\/a><\/li><\/ul>\n\n\n\n<p class=\"has-text-align-center\"><strong>Hier kommen Sie zu unserem Online-Shop:<\/strong><\/p>\n\n\n\n<div class=\"wp-block-buttons alignwide is-content-justification-center is-layout-flex wp-container-core-buttons-is-layout-062f0008 wp-block-buttons-is-layout-flex\">\n<div class=\"wp-block-button is-style-outline is-style-outline--1\"><a class=\"wp-block-button__link has-text-align-center wp-element-button\" href=\"https:\/\/marketplace.penworldwide.org\/?enterprisePenCode=AT010001960\">Future Br\u00e4u Shop<\/a><\/div>\n<\/div>\n","protected":false},"excerpt":{"rendered":"<p>Unsere Dienstzeiten: Montag von 13:45 &#8211; 16:00 Uhr Hier kommen Sie zu unserem Instagram: Hier kommen Sie zu unserem Online-Shop:<\/p>\n","protected":false},"author":1,"featured_media":0,"parent":0,"menu_order":0,"comment_status":"closed","ping_status":"closed","template":"","meta":{"footnotes":""},"class_list":["post-81","page","type-page","status-publish","hentry"],"yoast_head":"<!-- This site is optimized with the Yoast SEO plugin v26.5 - https:\/\/yoast.com\/wordpress\/plugins\/seo\/ -->\n<title>Kontakt - Future Br\u00e4u<\/title>\n<meta name=\"description\" content=\"Unsere Dienstzeiten: Montag von 13:45 &#8211; 16:00 Uhr Hier kommen Sie zu unserem Instagram: Hier kommen Sie zu unserem Online-Shop:\" \/>\n<meta name=\"robots\" content=\"index, follow, max-snippet:-1, max-image-preview:large, max-video-preview:-1\" \/>\n<link rel=\"canonical\" href=\"https:\/\/futurebrau.hakhtlfreistadt.at\/?page_id=81\" \/>\n<meta property=\"og:locale\" content=\"de_DE\" \/>\n<meta property=\"og:type\" content=\"article\" \/>\n<meta property=\"og:title\" content=\"Kontakt - Future Br\u00e4u\" \/>\n<meta property=\"og:description\" content=\"Unsere Dienstzeiten: Montag von 13:45 &#8211; 16:00 Uhr Hier kommen Sie zu unserem Instagram: Hier kommen Sie zu unserem Online-Shop:\" \/>\n<meta property=\"og:url\" content=\"https:\/\/futurebrau.hakhtlfreistadt.at\/?page_id=81\" \/>\n<meta property=\"og:site_name\" content=\"Future Br\u00e4u\" \/>\n<meta property=\"article:modified_time\" content=\"2026-01-20T13:19:19+00:00\" \/>\n<meta property=\"og:image\" content=\"https:\/\/futurebrau.hakhtlfreistadt.at\/wp-content\/uploads\/2023\/11\/city-scape.jpg\" \/>\n<meta name=\"twitter:card\" content=\"summary_large_image\" \/>\n<meta name=\"twitter:label1\" content=\"Gesch\u00e4tzte Lesezeit\" \/>\n\t<meta name=\"twitter:data1\" content=\"1\u00a0Minute\" \/>\n<script type=\"application\/ld+json\" class=\"yoast-schema-graph\">{\"@context\":\"https:\/\/schema.org\",\"@graph\":[{\"@type\":\"WebPage\",\"@id\":\"https:\/\/futurebrau.hakhtlfreistadt.at\/?page_id=81\",\"url\":\"https:\/\/futurebrau.hakhtlfreistadt.at\/?page_id=81\",\"name\":\"Kontakt - Future Br\u00e4u\",\"isPartOf\":{\"@id\":\"https:\/\/futurebrau.hakhtlfreistadt.at\/#website\"},\"primaryImageOfPage\":{\"@id\":\"https:\/\/futurebrau.hakhtlfreistadt.at\/?page_id=81#primaryimage\"},\"image\":{\"@id\":\"https:\/\/futurebrau.hakhtlfreistadt.at\/?page_id=81#primaryimage\"},\"thumbnailUrl\":\"https:\/\/futurebrau.hakhtlfreistadt.at\/wp-content\/uploads\/2023\/11\/city-scape.jpg\",\"datePublished\":\"2023-03-23T13:06:18+00:00\",\"dateModified\":\"2026-01-20T13:19:19+00:00\",\"breadcrumb\":{\"@id\":\"https:\/\/futurebrau.hakhtlfreistadt.at\/?page_id=81#breadcrumb\"},\"inLanguage\":\"de\",\"potentialAction\":[{\"@type\":\"ReadAction\",\"target\":[\"https:\/\/futurebrau.hakhtlfreistadt.at\/?page_id=81\"]}]},{\"@type\":\"ImageObject\",\"inLanguage\":\"de\",\"@id\":\"https:\/\/futurebrau.hakhtlfreistadt.at\/?page_id=81#primaryimage\",\"url\":\"https:\/\/futurebrau.hakhtlfreistadt.at\/wp-content\/uploads\/2024\/01\/Mitarbeiter-des-Monats_Jaenner.jpg\",\"contentUrl\":\"https:\/\/futurebrau.hakhtlfreistadt.at\/wp-content\/uploads\/2024\/01\/Mitarbeiter-des-Monats_Jaenner.jpg\",\"width\":1440,\"height\":1920},{\"@type\":\"BreadcrumbList\",\"@id\":\"https:\/\/futurebrau.hakhtlfreistadt.at\/?page_id=81#breadcrumb\",\"itemListElement\":[{\"@type\":\"ListItem\",\"position\":1,\"name\":\"Home\",\"item\":\"https:\/\/futurebrau.hakhtlfreistadt.at\/\"},{\"@type\":\"ListItem\",\"position\":2,\"name\":\"Kontakt\"}]},{\"@type\":\"WebSite\",\"@id\":\"https:\/\/futurebrau.hakhtlfreistadt.at\/#website\",\"url\":\"https:\/\/futurebrau.hakhtlfreistadt.at\/\",\"name\":\"Future Br\u00e4u\",\"description\":\"\u00dcbungsfirma der HAK Freistadt\",\"publisher\":{\"@id\":\"https:\/\/futurebrau.hakhtlfreistadt.at\/#organization\"},\"potentialAction\":[{\"@type\":\"SearchAction\",\"target\":{\"@type\":\"EntryPoint\",\"urlTemplate\":\"https:\/\/futurebrau.hakhtlfreistadt.at\/?s={search_term_string}\"},\"query-input\":{\"@type\":\"PropertyValueSpecification\",\"valueRequired\":true,\"valueName\":\"search_term_string\"}}],\"inLanguage\":\"de\"},{\"@type\":\"Organization\",\"@id\":\"https:\/\/futurebrau.hakhtlfreistadt.at\/#organization\",\"name\":\"Future Br\u00e4u\",\"url\":\"https:\/\/futurebrau.hakhtlfreistadt.at\/\",\"logo\":{\"@type\":\"ImageObject\",\"inLanguage\":\"de\",\"@id\":\"https:\/\/futurebrau.hakhtlfreistadt.at\/#\/schema\/logo\/image\/\",\"url\":\"https:\/\/futurebrau.hakhtlfreistadt.at\/wp-content\/uploads\/2023\/03\/Logo_transparent.png\",\"contentUrl\":\"https:\/\/futurebrau.hakhtlfreistadt.at\/wp-content\/uploads\/2023\/03\/Logo_transparent.png\",\"width\":400,\"height\":249,\"caption\":\"Future Br\u00e4u\"},\"image\":{\"@id\":\"https:\/\/futurebrau.hakhtlfreistadt.at\/#\/schema\/logo\/image\/\"}}]}<\/script>\n<!-- \/ Yoast SEO plugin. -->","yoast_head_json":{"title":"Kontakt - Future Br\u00e4u","description":"Unsere Dienstzeiten: Montag von 13:45 &#8211; 16:00 Uhr Hier kommen Sie zu unserem Instagram: Hier kommen Sie zu unserem Online-Shop:","robots":{"index":"index","follow":"follow","max-snippet":"max-snippet:-1","max-image-preview":"max-image-preview:large","max-video-preview":"max-video-preview:-1"},"canonical":"https:\/\/futurebrau.hakhtlfreistadt.at\/?page_id=81","og_locale":"de_DE","og_type":"article","og_title":"Kontakt - Future Br\u00e4u","og_description":"Unsere Dienstzeiten: Montag von 13:45 &#8211; 16:00 Uhr Hier kommen Sie zu unserem Instagram: Hier kommen Sie zu unserem Online-Shop:","og_url":"https:\/\/futurebrau.hakhtlfreistadt.at\/?page_id=81","og_site_name":"Future Br\u00e4u","article_modified_time":"2026-01-20T13:19:19+00:00","og_image":[{"url":"https:\/\/futurebrau.hakhtlfreistadt.at\/wp-content\/uploads\/2023\/11\/city-scape.jpg","type":"","width":"","height":""}],"twitter_card":"summary_large_image","twitter_misc":{"Gesch\u00e4tzte Lesezeit":"1\u00a0Minute"},"schema":{"@context":"https:\/\/schema.org","@graph":[{"@type":"WebPage","@id":"https:\/\/futurebrau.hakhtlfreistadt.at\/?page_id=81","url":"https:\/\/futurebrau.hakhtlfreistadt.at\/?page_id=81","name":"Kontakt - Future Br\u00e4u","isPartOf":{"@id":"https:\/\/futurebrau.hakhtlfreistadt.at\/#website"},"primaryImageOfPage":{"@id":"https:\/\/futurebrau.hakhtlfreistadt.at\/?page_id=81#primaryimage"},"image":{"@id":"https:\/\/futurebrau.hakhtlfreistadt.at\/?page_id=81#primaryimage"},"thumbnailUrl":"https:\/\/futurebrau.hakhtlfreistadt.at\/wp-content\/uploads\/2023\/11\/city-scape.jpg","datePublished":"2023-03-23T13:06:18+00:00","dateModified":"2026-01-20T13:19:19+00:00","breadcrumb":{"@id":"https:\/\/futurebrau.hakhtlfreistadt.at\/?page_id=81#breadcrumb"},"inLanguage":"de","potentialAction":[{"@type":"ReadAction","target":["https:\/\/futurebrau.hakhtlfreistadt.at\/?page_id=81"]}]},{"@type":"ImageObject","inLanguage":"de","@id":"https:\/\/futurebrau.hakhtlfreistadt.at\/?page_id=81#primaryimage","url":"https:\/\/futurebrau.hakhtlfreistadt.at\/wp-content\/uploads\/2024\/01\/Mitarbeiter-des-Monats_Jaenner.jpg","contentUrl":"https:\/\/futurebrau.hakhtlfreistadt.at\/wp-content\/uploads\/2024\/01\/Mitarbeiter-des-Monats_Jaenner.jpg","width":1440,"height":1920},{"@type":"BreadcrumbList","@id":"https:\/\/futurebrau.hakhtlfreistadt.at\/?page_id=81#breadcrumb","itemListElement":[{"@type":"ListItem","position":1,"name":"Home","item":"https:\/\/futurebrau.hakhtlfreistadt.at\/"},{"@type":"ListItem","position":2,"name":"Kontakt"}]},{"@type":"WebSite","@id":"https:\/\/futurebrau.hakhtlfreistadt.at\/#website","url":"https:\/\/futurebrau.hakhtlfreistadt.at\/","name":"Future Br\u00e4u","description":"\u00dcbungsfirma der HAK Freistadt","publisher":{"@id":"https:\/\/futurebrau.hakhtlfreistadt.at\/#organization"},"potentialAction":[{"@type":"SearchAction","target":{"@type":"EntryPoint","urlTemplate":"https:\/\/futurebrau.hakhtlfreistadt.at\/?s={search_term_string}"},"query-input":{"@type":"PropertyValueSpecification","valueRequired":true,"valueName":"search_term_string"}}],"inLanguage":"de"},{"@type":"Organization","@id":"https:\/\/futurebrau.hakhtlfreistadt.at\/#organization","name":"Future Br\u00e4u","url":"https:\/\/futurebrau.hakhtlfreistadt.at\/","logo":{"@type":"ImageObject","inLanguage":"de","@id":"https:\/\/futurebrau.hakhtlfreistadt.at\/#\/schema\/logo\/image\/","url":"https:\/\/futurebrau.hakhtlfreistadt.at\/wp-content\/uploads\/2023\/03\/Logo_transparent.png","contentUrl":"https:\/\/futurebrau.hakhtlfreistadt.at\/wp-content\/uploads\/2023\/03\/Logo_transparent.png","width":400,"height":249,"caption":"Future Br\u00e4u"},"image":{"@id":"https:\/\/futurebrau.hakhtlfreistadt.at\/#\/schema\/logo\/image\/"}}]}},"_links":{"self":[{"href":"https:\/\/futurebrau.hakhtlfreistadt.at\/index.php?rest_route=\/wp\/v2\/pages\/81","targetHints":{"allow":["GET"]}}],"collection":[{"href":"https:\/\/futurebrau.hakhtlfreistadt.at\/index.php?rest_route=\/wp\/v2\/pages"}],"about":[{"href":"https:\/\/futurebrau.hakhtlfreistadt.at\/index.php?rest_route=\/wp\/v2\/types\/page"}],"author":[{"embeddable":true,"href":"https:\/\/futurebrau.hakhtlfreistadt.at\/index.php?rest_route=\/wp\/v2\/users\/1"}],"replies":[{"embeddable":true,"href":"https:\/\/futurebrau.hakhtlfreistadt.at\/index.php?rest_route=%2Fwp%2Fv2%2Fcomments&post=81"}],"version-history":[{"count":21,"href":"https:\/\/futurebrau.hakhtlfreistadt.at\/index.php?rest_route=\/wp\/v2\/pages\/81\/revisions"}],"predecessor-version":[{"id":637,"href":"https:\/\/futurebrau.hakhtlfreistadt.at\/index.php?rest_route=\/wp\/v2\/pages\/81\/revisions\/637"}],"wp:attachment":[{"href":"https:\/\/futurebrau.hakhtlfreistadt.at\/index.php?rest_route=%2Fwp%2Fv2%2Fmedia&parent=81"}],"curies":[{"name":"wp","href":"https:\/\/api.w.org\/{rel}","templated":true}]}}