{"id":82,"date":"2023-03-23T13:06:18","date_gmt":"2023-03-23T13:06:18","guid":{"rendered":"https:\/\/futurebrau.hakhtlfreistadt.at\/?page_id=82"},"modified":"2023-06-14T07:24:12","modified_gmt":"2023-06-14T07:24:12","slug":"datenschutzerklaerung","status":"publish","type":"page","link":"https:\/\/futurebrau.hakhtlfreistadt.at\/?page_id=82","title":{"rendered":"Datenschutzerkl\u00e4rung"},"content":{"rendered":"\n<p>Die f\u00fcr die Gesch\u00e4ftsabwicklung notwendigen Daten werden gespeichert. Alle pers\u00f6nlichen Daten werden selbstverst\u00e4ndlich vertraulich behandelt.<\/p>\n\n\n\n<p>Zur Abwicklung eines Kaufes ist es notwendig einige personenbezogene Daten zu erheben. Zum Betreiben unserer Website werden Cookies und andere Tracking Technologien benutzt die von Wix.com erhoben werden.<\/p>\n\n\n\n<p>Die Daten die wir erheben bleiben bei uns und werden nicht weitergegeben.<\/p>\n\n\n\n<p>Die Datenverarbeitung erfolgt auf Basis der gesetzlichen Bestimmungen des \u00a7 165 Abs 3 TKG 2021 sowie des Art 6 Abs 1 lit b der DSGVO (notwendig zur Vertragserf\u00fcllung).<\/p>\n","protected":false},"excerpt":{"rendered":"<p>Die f\u00fcr die Gesch\u00e4ftsabwicklung notwendigen Daten werden gespeichert. Alle pers\u00f6nlichen Daten werden selbstverst\u00e4ndlich vertraulich behandelt. Zur Abwicklung eines Kaufes ist es notwendig einige personenbezogene Daten zu erheben. Zum Betreiben unserer Website werden Cookies und andere Tracking Technologien benutzt die von Wix.com erhoben werden. Die Daten die wir erheben bleiben bei uns und werden nicht weitergegeben. &hellip; <\/p>\n","protected":false},"author":1,"featured_media":0,"parent":0,"menu_order":0,"comment_status":"closed","ping_status":"closed","template":"","meta":{"footnotes":""},"class_list":["post-82","page","type-page","status-publish","hentry"],"yoast_head":"<!-- This site is optimized with the Yoast SEO plugin v26.5 - https:\/\/yoast.com\/wordpress\/plugins\/seo\/ -->\n<title>Datenschutzerkl\u00e4rung - Future Br\u00e4u<\/title>\n<meta name=\"description\" content=\"Die f\u00fcr die Gesch\u00e4ftsabwicklung notwendigen Daten werden gespeichert. Alle pers\u00f6nlichen Daten werden selbstverst\u00e4ndlich vertraulich behandelt. Zur Abwicklung eines Kaufes ist es notwendig einige personenbezogene Daten zu erheben. Zum Betreiben unserer Website werden Cookies und andere Tracking Technologien benutzt die von Wix.com erhoben werden. Die Daten die wir erheben bleiben bei uns und werden nicht weitergegeben. &hellip;\" \/>\n<meta name=\"robots\" content=\"index, follow, max-snippet:-1, max-image-preview:large, max-video-preview:-1\" \/>\n<link rel=\"canonical\" href=\"https:\/\/futurebrau.hakhtlfreistadt.at\/?page_id=82\" \/>\n<meta property=\"og:locale\" content=\"de_DE\" \/>\n<meta property=\"og:type\" content=\"article\" \/>\n<meta property=\"og:title\" content=\"Datenschutzerkl\u00e4rung - Future Br\u00e4u\" \/>\n<meta property=\"og:description\" content=\"Die f\u00fcr die Gesch\u00e4ftsabwicklung notwendigen Daten werden gespeichert. Alle pers\u00f6nlichen Daten werden selbstverst\u00e4ndlich vertraulich behandelt. Zur Abwicklung eines Kaufes ist es notwendig einige personenbezogene Daten zu erheben. Zum Betreiben unserer Website werden Cookies und andere Tracking Technologien benutzt die von Wix.com erhoben werden. Die Daten die wir erheben bleiben bei uns und werden nicht weitergegeben. &hellip;\" \/>\n<meta property=\"og:url\" content=\"https:\/\/futurebrau.hakhtlfreistadt.at\/?page_id=82\" \/>\n<meta property=\"og:site_name\" content=\"Future Br\u00e4u\" \/>\n<meta property=\"article:modified_time\" content=\"2023-06-14T07:24:12+00:00\" \/>\n<meta name=\"twitter:card\" content=\"summary_large_image\" \/>\n<script type=\"application\/ld+json\" class=\"yoast-schema-graph\">{\"@context\":\"https:\/\/schema.org\",\"@graph\":[{\"@type\":\"WebPage\",\"@id\":\"https:\/\/futurebrau.hakhtlfreistadt.at\/?page_id=82\",\"url\":\"https:\/\/futurebrau.hakhtlfreistadt.at\/?page_id=82\",\"name\":\"Datenschutzerkl\u00e4rung - Future Br\u00e4u\",\"isPartOf\":{\"@id\":\"https:\/\/futurebrau.hakhtlfreistadt.at\/#website\"},\"datePublished\":\"2023-03-23T13:06:18+00:00\",\"dateModified\":\"2023-06-14T07:24:12+00:00\",\"breadcrumb\":{\"@id\":\"https:\/\/futurebrau.hakhtlfreistadt.at\/?page_id=82#breadcrumb\"},\"inLanguage\":\"de\",\"potentialAction\":[{\"@type\":\"ReadAction\",\"target\":[\"https:\/\/futurebrau.hakhtlfreistadt.at\/?page_id=82\"]}]},{\"@type\":\"BreadcrumbList\",\"@id\":\"https:\/\/futurebrau.hakhtlfreistadt.at\/?page_id=82#breadcrumb\",\"itemListElement\":[{\"@type\":\"ListItem\",\"position\":1,\"name\":\"Home\",\"item\":\"https:\/\/futurebrau.hakhtlfreistadt.at\/\"},{\"@type\":\"ListItem\",\"position\":2,\"name\":\"Datenschutzerkl\u00e4rung\"}]},{\"@type\":\"WebSite\",\"@id\":\"https:\/\/futurebrau.hakhtlfreistadt.at\/#website\",\"url\":\"https:\/\/futurebrau.hakhtlfreistadt.at\/\",\"name\":\"Future Br\u00e4u\",\"description\":\"\u00dcbungsfirma der HAK Freistadt\",\"publisher\":{\"@id\":\"https:\/\/futurebrau.hakhtlfreistadt.at\/#organization\"},\"potentialAction\":[{\"@type\":\"SearchAction\",\"target\":{\"@type\":\"EntryPoint\",\"urlTemplate\":\"https:\/\/futurebrau.hakhtlfreistadt.at\/?s={search_term_string}\"},\"query-input\":{\"@type\":\"PropertyValueSpecification\",\"valueRequired\":true,\"valueName\":\"search_term_string\"}}],\"inLanguage\":\"de\"},{\"@type\":\"Organization\",\"@id\":\"https:\/\/futurebrau.hakhtlfreistadt.at\/#organization\",\"name\":\"Future Br\u00e4u\",\"url\":\"https:\/\/futurebrau.hakhtlfreistadt.at\/\",\"logo\":{\"@type\":\"ImageObject\",\"inLanguage\":\"de\",\"@id\":\"https:\/\/futurebrau.hakhtlfreistadt.at\/#\/schema\/logo\/image\/\",\"url\":\"https:\/\/futurebrau.hakhtlfreistadt.at\/wp-content\/uploads\/2023\/03\/Logo_transparent.png\",\"contentUrl\":\"https:\/\/futurebrau.hakhtlfreistadt.at\/wp-content\/uploads\/2023\/03\/Logo_transparent.png\",\"width\":400,\"height\":249,\"caption\":\"Future Br\u00e4u\"},\"image\":{\"@id\":\"https:\/\/futurebrau.hakhtlfreistadt.at\/#\/schema\/logo\/image\/\"}}]}<\/script>\n<!-- \/ Yoast SEO plugin. -->","yoast_head_json":{"title":"Datenschutzerkl\u00e4rung - Future Br\u00e4u","description":"Die f\u00fcr die Gesch\u00e4ftsabwicklung notwendigen Daten werden gespeichert. Alle pers\u00f6nlichen Daten werden selbstverst\u00e4ndlich vertraulich behandelt. Zur Abwicklung eines Kaufes ist es notwendig einige personenbezogene Daten zu erheben. Zum Betreiben unserer Website werden Cookies und andere Tracking Technologien benutzt die von Wix.com erhoben werden. Die Daten die wir erheben bleiben bei uns und werden nicht weitergegeben. &hellip;","robots":{"index":"index","follow":"follow","max-snippet":"max-snippet:-1","max-image-preview":"max-image-preview:large","max-video-preview":"max-video-preview:-1"},"canonical":"https:\/\/futurebrau.hakhtlfreistadt.at\/?page_id=82","og_locale":"de_DE","og_type":"article","og_title":"Datenschutzerkl\u00e4rung - Future Br\u00e4u","og_description":"Die f\u00fcr die Gesch\u00e4ftsabwicklung notwendigen Daten werden gespeichert. Alle pers\u00f6nlichen Daten werden selbstverst\u00e4ndlich vertraulich behandelt. Zur Abwicklung eines Kaufes ist es notwendig einige personenbezogene Daten zu erheben. Zum Betreiben unserer Website werden Cookies und andere Tracking Technologien benutzt die von Wix.com erhoben werden. Die Daten die wir erheben bleiben bei uns und werden nicht weitergegeben. &hellip;","og_url":"https:\/\/futurebrau.hakhtlfreistadt.at\/?page_id=82","og_site_name":"Future Br\u00e4u","article_modified_time":"2023-06-14T07:24:12+00:00","twitter_card":"summary_large_image","schema":{"@context":"https:\/\/schema.org","@graph":[{"@type":"WebPage","@id":"https:\/\/futurebrau.hakhtlfreistadt.at\/?page_id=82","url":"https:\/\/futurebrau.hakhtlfreistadt.at\/?page_id=82","name":"Datenschutzerkl\u00e4rung - Future Br\u00e4u","isPartOf":{"@id":"https:\/\/futurebrau.hakhtlfreistadt.at\/#website"},"datePublished":"2023-03-23T13:06:18+00:00","dateModified":"2023-06-14T07:24:12+00:00","breadcrumb":{"@id":"https:\/\/futurebrau.hakhtlfreistadt.at\/?page_id=82#breadcrumb"},"inLanguage":"de","potentialAction":[{"@type":"ReadAction","target":["https:\/\/futurebrau.hakhtlfreistadt.at\/?page_id=82"]}]},{"@type":"BreadcrumbList","@id":"https:\/\/futurebrau.hakhtlfreistadt.at\/?page_id=82#breadcrumb","itemListElement":[{"@type":"ListItem","position":1,"name":"Home","item":"https:\/\/futurebrau.hakhtlfreistadt.at\/"},{"@type":"ListItem","position":2,"name":"Datenschutzerkl\u00e4rung"}]},{"@type":"WebSite","@id":"https:\/\/futurebrau.hakhtlfreistadt.at\/#website","url":"https:\/\/futurebrau.hakhtlfreistadt.at\/","name":"Future Br\u00e4u","description":"\u00dcbungsfirma der HAK Freistadt","publisher":{"@id":"https:\/\/futurebrau.hakhtlfreistadt.at\/#organization"},"potentialAction":[{"@type":"SearchAction","target":{"@type":"EntryPoint","urlTemplate":"https:\/\/futurebrau.hakhtlfreistadt.at\/?s={search_term_string}"},"query-input":{"@type":"PropertyValueSpecification","valueRequired":true,"valueName":"search_term_string"}}],"inLanguage":"de"},{"@type":"Organization","@id":"https:\/\/futurebrau.hakhtlfreistadt.at\/#organization","name":"Future Br\u00e4u","url":"https:\/\/futurebrau.hakhtlfreistadt.at\/","logo":{"@type":"ImageObject","inLanguage":"de","@id":"https:\/\/futurebrau.hakhtlfreistadt.at\/#\/schema\/logo\/image\/","url":"https:\/\/futurebrau.hakhtlfreistadt.at\/wp-content\/uploads\/2023\/03\/Logo_transparent.png","contentUrl":"https:\/\/futurebrau.hakhtlfreistadt.at\/wp-content\/uploads\/2023\/03\/Logo_transparent.png","width":400,"height":249,"caption":"Future Br\u00e4u"},"image":{"@id":"https:\/\/futurebrau.hakhtlfreistadt.at\/#\/schema\/logo\/image\/"}}]}},"_links":{"self":[{"href":"https:\/\/futurebrau.hakhtlfreistadt.at\/index.php?rest_route=\/wp\/v2\/pages\/82","targetHints":{"allow":["GET"]}}],"collection":[{"href":"https:\/\/futurebrau.hakhtlfreistadt.at\/index.php?rest_route=\/wp\/v2\/pages"}],"about":[{"href":"https:\/\/futurebrau.hakhtlfreistadt.at\/index.php?rest_route=\/wp\/v2\/types\/page"}],"author":[{"embeddable":true,"href":"https:\/\/futurebrau.hakhtlfreistadt.at\/index.php?rest_route=\/wp\/v2\/users\/1"}],"replies":[{"embeddable":true,"href":"https:\/\/futurebrau.hakhtlfreistadt.at\/index.php?rest_route=%2Fwp%2Fv2%2Fcomments&post=82"}],"version-history":[{"count":3,"href":"https:\/\/futurebrau.hakhtlfreistadt.at\/index.php?rest_route=\/wp\/v2\/pages\/82\/revisions"}],"predecessor-version":[{"id":229,"href":"https:\/\/futurebrau.hakhtlfreistadt.at\/index.php?rest_route=\/wp\/v2\/pages\/82\/revisions\/229"}],"wp:attachment":[{"href":"https:\/\/futurebrau.hakhtlfreistadt.at\/index.php?rest_route=%2Fwp%2Fv2%2Fmedia&parent=82"}],"curies":[{"name":"wp","href":"https:\/\/api.w.org\/{rel}","templated":true}]}}